{"id":667,"date":"2024-05-17T14:01:04","date_gmt":"2024-05-17T11:01:04","guid":{"rendered":"https:\/\/tilox.testisivu.com\/?page_id=667"},"modified":"2024-05-17T14:40:23","modified_gmt":"2024-05-17T11:40:23","slug":"mosquito-net-doors","status":"publish","type":"page","link":"https:\/\/www.topverkko.fi\/en\/mosquito-net-doors\/","title":{"rendered":"Mosquito net doors"},"content":{"rendered":"<div data-elementor-type=\"wp-page\" data-elementor-id=\"667\" class=\"elementor elementor-667\" data-elementor-post-type=\"page\">\n\t\t\t\t<div class=\"elementor-element elementor-element-84b69b8 e-flex e-con-boxed e-con e-parent\" data-id=\"84b69b8\" data-element_type=\"container\" data-settings=\"{&quot;background_background&quot;:&quot;classic&quot;}\">\n\t\t\t\t\t<div class=\"e-con-inner\">\n\t\t\t\t<div class=\"elementor-element elementor-element-a9425d5 elementor-widget elementor-widget-heading\" data-id=\"a9425d5\" data-element_type=\"widget\" data-widget_type=\"heading.default\">\n\t\t\t\t<div class=\"elementor-widget-container\">\n\t\t\t\t\t<h1 class=\"elementor-heading-title elementor-size-default\">Mosquito net doors<\/h1>\t\t\t\t<\/div>\n\t\t\t\t<\/div>\n\t\t\t\t\t<\/div>\n\t\t\t\t<\/div>\n\t\t<div class=\"elementor-element elementor-element-43cd0a0 e-flex e-con-boxed e-con e-parent\" data-id=\"43cd0a0\" data-element_type=\"container\">\n\t\t\t\t\t<div class=\"e-con-inner\">\n\t\t<div class=\"elementor-element elementor-element-5a63715 e-con-full e-flex e-con e-child\" data-id=\"5a63715\" data-element_type=\"container\">\n\t\t\t\t<div class=\"elementor-element elementor-element-1c158a1 elementor-widget elementor-widget-heading\" data-id=\"1c158a1\" data-element_type=\"widget\" data-widget_type=\"heading.default\">\n\t\t\t\t<div class=\"elementor-widget-container\">\n\t\t\t\t\t<h2 class=\"elementor-heading-title elementor-size-default\">Custom-made mosquito net doors in Finland<\/h2>\t\t\t\t<\/div>\n\t\t\t\t<\/div>\n\t\t\t\t<div class=\"elementor-element elementor-element-820e6bb elementor-widget elementor-widget-text-editor\" data-id=\"820e6bb\" data-element_type=\"widget\" data-widget_type=\"text-editor.default\">\n\t\t\t\t<div class=\"elementor-widget-container\">\n\t\t\t\t\t\t\t\t\t<p>Mosquito net, insect net or bug net door, whatever you want to call it. Either way \u2013 let the sounds, freshness and smells of summer in, but keep the uninvited guests away!<\/p><p>The door is manufactured in Finland according to the information and measurements you provide. Also, all the material used for the door, except for the net and some screws, is domestic. In the production, we specifically wanted to use wood as well, because wood is a Finnish material.<\/p>\t\t\t\t\t\t\t\t<\/div>\n\t\t\t\t<\/div>\n\t\t\t\t<div class=\"elementor-element elementor-element-eca3373 elementor-alert-info elementor-widget elementor-widget-alert\" data-id=\"eca3373\" data-element_type=\"widget\" data-widget_type=\"alert.default\">\n\t\t\t\t<div class=\"elementor-widget-container\">\n\t\t\t\t\t\t\t<div class=\"elementor-alert\" role=\"alert\">\n\n\t\t\t\n\t\t\t\t\t\t<span class=\"elementor-alert-description\">The doors are not delivered for the time being due to other work commitments.\n\n<\/span>\n\t\t\t\n\t\t\t\n\t\t<\/div>\n\t\t\t\t\t\t<\/div>\n\t\t\t\t<\/div>\n\t\t\t\t<div class=\"elementor-element elementor-element-26bd4ca elementor-widget elementor-widget-text-editor\" data-id=\"26bd4ca\" data-element_type=\"widget\" data-widget_type=\"text-editor.default\">\n\t\t\t\t<div class=\"elementor-widget-container\">\n\t\t\t\t\t\t\t\t\t<p>You can also buy all the materials used for the door from us at a guaranteed low price if you want to build the door yourself from start to finish.<\/p>\t\t\t\t\t\t\t\t<\/div>\n\t\t\t\t<\/div>\n\t\t\t\t<\/div>\n\t\t<div class=\"elementor-element elementor-element-8f1cdf2 e-con-full e-flex e-con e-child\" data-id=\"8f1cdf2\" data-element_type=\"container\">\n\t\t\t\t<div class=\"elementor-element elementor-element-4fab186 elementor-widget elementor-widget-image\" data-id=\"4fab186\" data-element_type=\"widget\" data-widget_type=\"image.default\">\n\t\t\t\t<div class=\"elementor-widget-container\">\n\t\t\t\t\t\t\t\t\t\t\t\t\t\t\t<img fetchpriority=\"high\" decoding=\"async\" width=\"700\" height=\"900\" src=\"https:\/\/www.topverkko.fi\/wp-content\/uploads\/verkko-ovi3.webp\" class=\"attachment-large size-large wp-image-678\" alt=\"\" srcset=\"https:\/\/www.topverkko.fi\/wp-content\/uploads\/verkko-ovi3.webp 700w, https:\/\/www.topverkko.fi\/wp-content\/uploads\/verkko-ovi3-117x150.webp 117w, https:\/\/www.topverkko.fi\/wp-content\/uploads\/verkko-ovi3-600x771.webp 600w\" sizes=\"(max-width: 700px) 100vw, 700px\" \/>\t\t\t\t\t\t\t\t\t\t\t\t\t\t\t<\/div>\n\t\t\t\t<\/div>\n\t\t\t\t<\/div>\n\t\t\t\t\t<\/div>\n\t\t\t\t<\/div>\n\t\t<div class=\"elementor-element elementor-element-f8fc7a3 e-flex e-con-boxed e-con e-parent\" data-id=\"f8fc7a3\" data-element_type=\"container\">\n\t\t\t\t\t<div class=\"e-con-inner\">\n\t\t<div class=\"elementor-element elementor-element-6895f19 e-con-full e-flex e-con e-child\" data-id=\"6895f19\" data-element_type=\"container\">\n\t\t\t\t<div class=\"elementor-element elementor-element-b121d05 elementor-widget elementor-widget-image\" data-id=\"b121d05\" data-element_type=\"widget\" data-widget_type=\"image.default\">\n\t\t\t\t<div class=\"elementor-widget-container\">\n\t\t\t\t\t\t\t\t\t\t\t\t\t\t\t<img decoding=\"async\" width=\"700\" height=\"900\" src=\"https:\/\/www.topverkko.fi\/wp-content\/uploads\/verkko-ovi2.webp\" class=\"attachment-large size-large wp-image-676\" alt=\"\" srcset=\"https:\/\/www.topverkko.fi\/wp-content\/uploads\/verkko-ovi2.webp 700w, https:\/\/www.topverkko.fi\/wp-content\/uploads\/verkko-ovi2-117x150.webp 117w, https:\/\/www.topverkko.fi\/wp-content\/uploads\/verkko-ovi2-600x771.webp 600w\" sizes=\"(max-width: 700px) 100vw, 700px\" \/>\t\t\t\t\t\t\t\t\t\t\t\t\t\t\t<\/div>\n\t\t\t\t<\/div>\n\t\t\t\t<\/div>\n\t\t<div class=\"elementor-element elementor-element-143a5dc e-con-full e-flex e-con e-child\" data-id=\"143a5dc\" data-element_type=\"container\">\n\t\t\t\t<div class=\"elementor-element elementor-element-a5fc07e elementor-widget elementor-widget-heading\" data-id=\"a5fc07e\" data-element_type=\"widget\" data-widget_type=\"heading.default\">\n\t\t\t\t<div class=\"elementor-widget-container\">\n\t\t\t\t\t<h2 class=\"elementor-heading-title elementor-size-default\">Light but strong<\/h2>\t\t\t\t<\/div>\n\t\t\t\t<\/div>\n\t\t\t\t<div class=\"elementor-element elementor-element-56e16e5 elementor-widget elementor-widget-text-editor\" data-id=\"56e16e5\" data-element_type=\"widget\" data-widget_type=\"text-editor.default\">\n\t\t\t\t<div class=\"elementor-widget-container\">\n\t\t\t\t\t\t\t\t\t<p>The door structure is light but strong. In addition to the fact that the slanted support significantly increases the strength of the door, it also serves as a sign and a warning to the little people that there is something between the interior and the summer day.<\/p>\n<p>The net can be removed for cleaning or the net can be renewed if, despite its strength, it breaks. The wooden parts of the door are intentionally left untreated, unless otherwise agreed separately. In this way, everyone can treat the wooden surfaces in the way they want, with paint, varnish, beeswax, or oil. Those trying to minimize the use of chemicals can leave the surface treatment completely undone.<\/p><p><span style=\"color: var( --e-global-color-text ); font-family: var( --e-global-typography-text-font-family ), Sans-serif; font-size: var( --e-global-typography-text-font-size ); font-weight: var( --e-global-typography-text-font-weight ); text-align: var(--text-align); background-color: var( --e-global-color-secondary );\">The aluminum parts have a natural color, 10 micron anodization. The door can be disassembled because everything is assembled with screws.<\/span><\/p>\n<p>The door is delivered in a tube package where the door can also be conveniently stored in the winter. So the tube should not be thrown away. The door is easy to assemble, attach and disassemble with a few screws, according to the following instructions.<\/p>\t\t\t\t\t\t\t\t<\/div>\n\t\t\t\t<\/div>\n\t\t\t\t<\/div>\n\t\t\t\t\t<\/div>\n\t\t\t\t<\/div>\n\t\t\t\t<\/div>","protected":false},"excerpt":{"rendered":"<p>Hyttysverkko-ovet Suomessa mittatilauksella valmistetut hyttysverkko-ovet Hyttysverkko- hy\u00f6nteisverkko- tai \u00f6t\u00f6kk\u00e4verkko-ovi, miten sit\u00e4 sitten haluatkin kutsua. Joka tapauksessa &#8211; p\u00e4\u00e4st\u00e4 kes\u00e4n \u00e4\u00e4net, raikkaus ja tuoksut sis\u00e4\u00e4n, mutta pid\u00e4 kutsumattomat vieraat loitolla! Ovi valmistetaan antamiesi tietojen ja mittojen mukaan kotimaassa. My\u00f6s kaikki oveen k\u00e4ytetty materiaali, verkkoa ja joitakin ruuveja lukuunottamatta on kotimaista. Valmistuksessa on nimenomaan haluttu k\u00e4ytt\u00e4\u00e4 my\u00f6s [&hellip;]<\/p>\n","protected":false},"author":3,"featured_media":0,"parent":0,"menu_order":0,"comment_status":"closed","ping_status":"closed","template":"","meta":{"footnotes":""},"class_list":["post-667","page","type-page","status-publish","hentry"],"yoast_head":"<!-- This site is optimized with the Yoast SEO plugin v26.0 - https:\/\/yoast.com\/wordpress\/plugins\/seo\/ -->\n<title>Hyttysverkko-ovet - Topverkko<\/title>\n<meta name=\"robots\" content=\"index, follow, max-snippet:-1, max-image-preview:large, max-video-preview:-1\" \/>\n<link rel=\"canonical\" href=\"https:\/\/www.topverkko.fi\/en\/mosquito-net-doors\/\" \/>\n<meta property=\"og:locale\" content=\"en_US\" \/>\n<meta property=\"og:type\" content=\"article\" \/>\n<meta property=\"og:title\" content=\"Hyttysverkko-ovet - Topverkko\" \/>\n<meta property=\"og:description\" content=\"Hyttysverkko-ovet Suomessa mittatilauksella valmistetut hyttysverkko-ovet Hyttysverkko- hy\u00f6nteisverkko- tai \u00f6t\u00f6kk\u00e4verkko-ovi, miten sit\u00e4 sitten haluatkin kutsua. Joka tapauksessa &#8211; p\u00e4\u00e4st\u00e4 kes\u00e4n \u00e4\u00e4net, raikkaus ja tuoksut sis\u00e4\u00e4n, mutta pid\u00e4 kutsumattomat vieraat loitolla! Ovi valmistetaan antamiesi tietojen ja mittojen mukaan kotimaassa. My\u00f6s kaikki oveen k\u00e4ytetty materiaali, verkkoa ja joitakin ruuveja lukuunottamatta on kotimaista. Valmistuksessa on nimenomaan haluttu k\u00e4ytt\u00e4\u00e4 my\u00f6s [&hellip;]\" \/>\n<meta property=\"og:url\" content=\"https:\/\/www.topverkko.fi\/en\/mosquito-net-doors\/\" \/>\n<meta property=\"og:site_name\" content=\"Topverkko\" \/>\n<meta property=\"article:modified_time\" content=\"2024-05-17T11:40:23+00:00\" \/>\n<meta property=\"og:image\" content=\"https:\/\/www.tilox.fi\/wp-content\/uploads\/verkko-ovi3.webp\" \/>\n<meta name=\"twitter:card\" content=\"summary_large_image\" \/>\n<meta name=\"twitter:label1\" content=\"Est. reading time\" \/>\n\t<meta name=\"twitter:data1\" content=\"1 minute\" \/>\n<script type=\"application\/ld+json\" class=\"yoast-schema-graph\">{\"@context\":\"https:\/\/schema.org\",\"@graph\":[{\"@type\":\"WebPage\",\"@id\":\"https:\/\/www.topverkko.fi\/hyttysverkko-ovet\/\",\"url\":\"https:\/\/www.topverkko.fi\/hyttysverkko-ovet\/\",\"name\":\"Hyttysverkko-ovet - Topverkko\",\"isPartOf\":{\"@id\":\"https:\/\/www.topverkko.fi\/#website\"},\"primaryImageOfPage\":{\"@id\":\"https:\/\/www.topverkko.fi\/hyttysverkko-ovet\/#primaryimage\"},\"image\":{\"@id\":\"https:\/\/www.topverkko.fi\/hyttysverkko-ovet\/#primaryimage\"},\"thumbnailUrl\":\"https:\/\/www.tilox.fi\/wp-content\/uploads\/verkko-ovi3.webp\",\"datePublished\":\"2024-05-17T11:01:04+00:00\",\"dateModified\":\"2024-05-17T11:40:23+00:00\",\"breadcrumb\":{\"@id\":\"https:\/\/www.topverkko.fi\/hyttysverkko-ovet\/#breadcrumb\"},\"inLanguage\":\"en-US\",\"potentialAction\":[{\"@type\":\"ReadAction\",\"target\":[\"https:\/\/www.topverkko.fi\/hyttysverkko-ovet\/\"]}]},{\"@type\":\"ImageObject\",\"inLanguage\":\"en-US\",\"@id\":\"https:\/\/www.topverkko.fi\/hyttysverkko-ovet\/#primaryimage\",\"url\":\"https:\/\/www.tilox.fi\/wp-content\/uploads\/verkko-ovi3.webp\",\"contentUrl\":\"https:\/\/www.tilox.fi\/wp-content\/uploads\/verkko-ovi3.webp\"},{\"@type\":\"BreadcrumbList\",\"@id\":\"https:\/\/www.topverkko.fi\/hyttysverkko-ovet\/#breadcrumb\",\"itemListElement\":[{\"@type\":\"ListItem\",\"position\":1,\"name\":\"Etusivu\",\"item\":\"https:\/\/www.topverkko.fi\/\"},{\"@type\":\"ListItem\",\"position\":2,\"name\":\"Hyttysverkko-ovet\"}]},{\"@type\":\"WebSite\",\"@id\":\"https:\/\/www.topverkko.fi\/#website\",\"url\":\"https:\/\/www.topverkko.fi\/\",\"name\":\"Topverkko\",\"description\":\"Metalli- ja lasikuituverkot teollisuuteen ja kotiin\",\"publisher\":{\"@id\":\"https:\/\/www.topverkko.fi\/#organization\"},\"potentialAction\":[{\"@type\":\"SearchAction\",\"target\":{\"@type\":\"EntryPoint\",\"urlTemplate\":\"https:\/\/www.topverkko.fi\/?s={search_term_string}\"},\"query-input\":{\"@type\":\"PropertyValueSpecification\",\"valueRequired\":true,\"valueName\":\"search_term_string\"}}],\"inLanguage\":\"en-US\"},{\"@type\":\"Organization\",\"@id\":\"https:\/\/www.topverkko.fi\/#organization\",\"name\":\"Topverkko\",\"url\":\"https:\/\/www.topverkko.fi\/\",\"logo\":{\"@type\":\"ImageObject\",\"inLanguage\":\"en-US\",\"@id\":\"https:\/\/www.topverkko.fi\/#\/schema\/logo\/image\/\",\"url\":\"https:\/\/www.topverkko.fi\/wp-content\/uploads\/Topverkko-Logo.png\",\"contentUrl\":\"https:\/\/www.topverkko.fi\/wp-content\/uploads\/Topverkko-Logo.png\",\"width\":766,\"height\":290,\"caption\":\"Topverkko\"},\"image\":{\"@id\":\"https:\/\/www.topverkko.fi\/#\/schema\/logo\/image\/\"}}]}<\/script>\n<!-- \/ Yoast SEO plugin. -->","yoast_head_json":{"title":"Hyttysverkko-ovet - Topverkko","robots":{"index":"index","follow":"follow","max-snippet":"max-snippet:-1","max-image-preview":"max-image-preview:large","max-video-preview":"max-video-preview:-1"},"canonical":"https:\/\/www.topverkko.fi\/en\/mosquito-net-doors\/","og_locale":"en_US","og_type":"article","og_title":"Hyttysverkko-ovet - Topverkko","og_description":"Hyttysverkko-ovet Suomessa mittatilauksella valmistetut hyttysverkko-ovet Hyttysverkko- hy\u00f6nteisverkko- tai \u00f6t\u00f6kk\u00e4verkko-ovi, miten sit\u00e4 sitten haluatkin kutsua. Joka tapauksessa &#8211; p\u00e4\u00e4st\u00e4 kes\u00e4n \u00e4\u00e4net, raikkaus ja tuoksut sis\u00e4\u00e4n, mutta pid\u00e4 kutsumattomat vieraat loitolla! Ovi valmistetaan antamiesi tietojen ja mittojen mukaan kotimaassa. My\u00f6s kaikki oveen k\u00e4ytetty materiaali, verkkoa ja joitakin ruuveja lukuunottamatta on kotimaista. Valmistuksessa on nimenomaan haluttu k\u00e4ytt\u00e4\u00e4 my\u00f6s [&hellip;]","og_url":"https:\/\/www.topverkko.fi\/en\/mosquito-net-doors\/","og_site_name":"Topverkko","article_modified_time":"2024-05-17T11:40:23+00:00","og_image":[{"url":"https:\/\/www.tilox.fi\/wp-content\/uploads\/verkko-ovi3.webp","type":"","width":"","height":""}],"twitter_card":"summary_large_image","twitter_misc":{"Est. reading time":"1 minute"},"schema":{"@context":"https:\/\/schema.org","@graph":[{"@type":"WebPage","@id":"https:\/\/www.topverkko.fi\/hyttysverkko-ovet\/","url":"https:\/\/www.topverkko.fi\/hyttysverkko-ovet\/","name":"Hyttysverkko-ovet - Topverkko","isPartOf":{"@id":"https:\/\/www.topverkko.fi\/#website"},"primaryImageOfPage":{"@id":"https:\/\/www.topverkko.fi\/hyttysverkko-ovet\/#primaryimage"},"image":{"@id":"https:\/\/www.topverkko.fi\/hyttysverkko-ovet\/#primaryimage"},"thumbnailUrl":"https:\/\/www.tilox.fi\/wp-content\/uploads\/verkko-ovi3.webp","datePublished":"2024-05-17T11:01:04+00:00","dateModified":"2024-05-17T11:40:23+00:00","breadcrumb":{"@id":"https:\/\/www.topverkko.fi\/hyttysverkko-ovet\/#breadcrumb"},"inLanguage":"en-US","potentialAction":[{"@type":"ReadAction","target":["https:\/\/www.topverkko.fi\/hyttysverkko-ovet\/"]}]},{"@type":"ImageObject","inLanguage":"en-US","@id":"https:\/\/www.topverkko.fi\/hyttysverkko-ovet\/#primaryimage","url":"https:\/\/www.tilox.fi\/wp-content\/uploads\/verkko-ovi3.webp","contentUrl":"https:\/\/www.tilox.fi\/wp-content\/uploads\/verkko-ovi3.webp"},{"@type":"BreadcrumbList","@id":"https:\/\/www.topverkko.fi\/hyttysverkko-ovet\/#breadcrumb","itemListElement":[{"@type":"ListItem","position":1,"name":"Etusivu","item":"https:\/\/www.topverkko.fi\/"},{"@type":"ListItem","position":2,"name":"Hyttysverkko-ovet"}]},{"@type":"WebSite","@id":"https:\/\/www.topverkko.fi\/#website","url":"https:\/\/www.topverkko.fi\/","name":"Topverkko","description":"Metalli- ja lasikuituverkot teollisuuteen ja kotiin","publisher":{"@id":"https:\/\/www.topverkko.fi\/#organization"},"potentialAction":[{"@type":"SearchAction","target":{"@type":"EntryPoint","urlTemplate":"https:\/\/www.topverkko.fi\/?s={search_term_string}"},"query-input":{"@type":"PropertyValueSpecification","valueRequired":true,"valueName":"search_term_string"}}],"inLanguage":"en-US"},{"@type":"Organization","@id":"https:\/\/www.topverkko.fi\/#organization","name":"Topverkko","url":"https:\/\/www.topverkko.fi\/","logo":{"@type":"ImageObject","inLanguage":"en-US","@id":"https:\/\/www.topverkko.fi\/#\/schema\/logo\/image\/","url":"https:\/\/www.topverkko.fi\/wp-content\/uploads\/Topverkko-Logo.png","contentUrl":"https:\/\/www.topverkko.fi\/wp-content\/uploads\/Topverkko-Logo.png","width":766,"height":290,"caption":"Topverkko"},"image":{"@id":"https:\/\/www.topverkko.fi\/#\/schema\/logo\/image\/"}}]}},"_links":{"self":[{"href":"https:\/\/www.topverkko.fi\/en\/wp-json\/wp\/v2\/pages\/667","targetHints":{"allow":["GET"]}}],"collection":[{"href":"https:\/\/www.topverkko.fi\/en\/wp-json\/wp\/v2\/pages"}],"about":[{"href":"https:\/\/www.topverkko.fi\/en\/wp-json\/wp\/v2\/types\/page"}],"author":[{"embeddable":true,"href":"https:\/\/www.topverkko.fi\/en\/wp-json\/wp\/v2\/users\/3"}],"replies":[{"embeddable":true,"href":"https:\/\/www.topverkko.fi\/en\/wp-json\/wp\/v2\/comments?post=667"}],"version-history":[{"count":19,"href":"https:\/\/www.topverkko.fi\/en\/wp-json\/wp\/v2\/pages\/667\/revisions"}],"predecessor-version":[{"id":692,"href":"https:\/\/www.topverkko.fi\/en\/wp-json\/wp\/v2\/pages\/667\/revisions\/692"}],"wp:attachment":[{"href":"https:\/\/www.topverkko.fi\/en\/wp-json\/wp\/v2\/media?parent=667"}],"curies":[{"name":"wp","href":"https:\/\/api.w.org\/{rel}","templated":true}]}}