{"id":249,"date":"2024-09-02T18:13:27","date_gmt":"2024-09-02T15:13:27","guid":{"rendered":"https:\/\/tilox.testisivu.com\/?post_type=product&#038;p=249"},"modified":"2026-04-07T15:28:26","modified_gmt":"2026-04-07T12:28:26","slug":"lsk1414-029-2300","status":"publish","type":"product","link":"https:\/\/www.topverkko.fi\/en\/product\/lsk1414-029-2300\/","title":{"rendered":"LSK 14*14-0,29, 2300 valkoinen"},"content":{"rendered":"<p>PVC p\u00e4\u00e4lysteinen lasikuitu, v\u00e4ri valkoinen<\/p>\n<hr \/>\n<p>Wire diameter: \u00f8 0.29 mm<\/p>\n<hr \/>\n<p>Free opening: \u00f8 1.524 mm<\/p>\n<hr \/>\n<p>Threads per inch: 14 * 14<\/p>\n<hr \/>\n<p>Roll length: 30,5 m<\/p>\n<hr \/>\n<p>Roll width: 2300 mm<\/p>\n<hr \/>\n<p>Neli\u00f6hinta: 1,55 \u20ac\/m\u00b2<\/p>\n<hr \/>\n<p>Rullan hinta: 106 \u20ac\/rulla<\/p>\n<hr \/>\n<p>Weight: 0,2623 kg\/m\u00b2<\/p>\n<hr \/>\n<p>Minimum delivery lot: No minimum length<\/p>\n<hr \/>\n<p>Toimitusaika: Tarkista saatavuus<\/p>","protected":false},"excerpt":{"rendered":"<p>Lasikuituverkkoa voi k\u00e4ytt\u00e4\u00e4 hy\u00f6nteisverkkona ikkunoissa ja ovissa. Langan halkaisija 0,29 mm, vapaa aukko \u00f8 1,524 mm, lankoja tuumaa kohden 14*14<\/p>","protected":false},"featured_media":250,"comment_status":"closed","ping_status":"closed","template":"","meta":[],"product_brand":[],"product_cat":[24],"product_tag":[76,78,77,75,80],"class_list":{"0":"post-249","1":"product","2":"type-product","3":"status-publish","4":"has-post-thumbnail","6":"product_cat-lasikuituverkot","7":"product_tag-hyonteisverkko","8":"product_tag-hyonteisverkko-ikkunaan","9":"product_tag-hyttysverkko","10":"product_tag-lasikuituverkko","11":"product_tag-valkoinen-lasikuituverkko","13":"first","14":"instock","15":"shipping-taxable","16":"purchasable","17":"product-type-simple"},"yoast_head":"<!-- This site is optimized with the Yoast SEO plugin v26.0 - https:\/\/yoast.com\/wordpress\/plugins\/seo\/ -->\n<title>Valkoinen lasikuituverkko | 14*14-0,29, 2300<\/title>\n<meta name=\"description\" content=\"Lasikuituverkkoa voi k\u00e4ytt\u00e4\u00e4 hy\u00f6nteisverkkona ikkunoissa ja ovissa. Langan halkaisija 0,29 mm, vapaa aukko \u00f8 1,524 mm, lankoja tuumaa kohden 14*14\" \/>\n<meta name=\"robots\" content=\"index, follow, max-snippet:-1, max-image-preview:large, max-video-preview:-1\" \/>\n<link rel=\"canonical\" href=\"https:\/\/www.topverkko.fi\/en\/product\/lsk1414-029-2300\/\" \/>\n<meta property=\"og:locale\" content=\"en_US\" \/>\n<meta property=\"og:type\" content=\"article\" \/>\n<meta property=\"og:title\" content=\"Valkoinen lasikuituverkko | 14*14-0,29, 2300\" \/>\n<meta property=\"og:description\" content=\"Lasikuituverkkoa voi k\u00e4ytt\u00e4\u00e4 hy\u00f6nteisverkkona ikkunoissa ja ovissa. Langan halkaisija 0,29 mm, vapaa aukko \u00f8 1,524 mm, lankoja tuumaa kohden 14*14\" \/>\n<meta property=\"og:url\" content=\"https:\/\/www.topverkko.fi\/en\/product\/lsk1414-029-2300\/\" \/>\n<meta property=\"og:site_name\" content=\"Topverkko\" \/>\n<meta property=\"article:modified_time\" content=\"2026-04-07T12:28:26+00:00\" \/>\n<meta property=\"og:image\" content=\"https:\/\/www.topverkko.fi\/wp-content\/uploads\/LasikuituMusta.webp\" \/>\n\t<meta property=\"og:image:width\" content=\"700\" \/>\n\t<meta property=\"og:image:height\" content=\"900\" \/>\n\t<meta property=\"og:image:type\" content=\"image\/webp\" \/>\n<meta name=\"twitter:card\" content=\"summary_large_image\" \/>\n<meta name=\"twitter:label1\" content=\"Est. reading time\" \/>\n\t<meta name=\"twitter:data1\" content=\"1 minute\" \/>\n<script type=\"application\/ld+json\" class=\"yoast-schema-graph\">{\"@context\":\"https:\/\/schema.org\",\"@graph\":[{\"@type\":\"WebPage\",\"@id\":\"https:\/\/www.topverkko.fi\/tuote\/lsk1414-029-2300\/\",\"url\":\"https:\/\/www.topverkko.fi\/tuote\/lsk1414-029-2300\/\",\"name\":\"Valkoinen lasikuituverkko | 14*14-0,29, 2300\",\"isPartOf\":{\"@id\":\"https:\/\/www.topverkko.fi\/#website\"},\"primaryImageOfPage\":{\"@id\":\"https:\/\/www.topverkko.fi\/tuote\/lsk1414-029-2300\/#primaryimage\"},\"image\":{\"@id\":\"https:\/\/www.topverkko.fi\/tuote\/lsk1414-029-2300\/#primaryimage\"},\"thumbnailUrl\":\"https:\/\/www.topverkko.fi\/wp-content\/uploads\/LasikuituMusta.webp\",\"datePublished\":\"2024-09-02T15:13:27+00:00\",\"dateModified\":\"2026-04-07T12:28:26+00:00\",\"description\":\"Lasikuituverkkoa voi k\u00e4ytt\u00e4\u00e4 hy\u00f6nteisverkkona ikkunoissa ja ovissa. Langan halkaisija 0,29 mm, vapaa aukko \u00f8 1,524 mm, lankoja tuumaa kohden 14*14\",\"breadcrumb\":{\"@id\":\"https:\/\/www.topverkko.fi\/tuote\/lsk1414-029-2300\/#breadcrumb\"},\"inLanguage\":\"en-US\",\"potentialAction\":[{\"@type\":\"ReadAction\",\"target\":[\"https:\/\/www.topverkko.fi\/tuote\/lsk1414-029-2300\/\"]}]},{\"@type\":\"ImageObject\",\"inLanguage\":\"en-US\",\"@id\":\"https:\/\/www.topverkko.fi\/tuote\/lsk1414-029-2300\/#primaryimage\",\"url\":\"https:\/\/www.topverkko.fi\/wp-content\/uploads\/LasikuituMusta.webp\",\"contentUrl\":\"https:\/\/www.topverkko.fi\/wp-content\/uploads\/LasikuituMusta.webp\",\"width\":700,\"height\":900,\"caption\":\"lasikuituverkko14*14-0,29, 2300\"},{\"@type\":\"BreadcrumbList\",\"@id\":\"https:\/\/www.topverkko.fi\/tuote\/lsk1414-029-2300\/#breadcrumb\",\"itemListElement\":[{\"@type\":\"ListItem\",\"position\":1,\"name\":\"Etusivu\",\"item\":\"https:\/\/www.topverkko.fi\/\"},{\"@type\":\"ListItem\",\"position\":2,\"name\":\"Tuotteet\",\"item\":\"https:\/\/www.topverkko.fi\/tuotteet\/\"},{\"@type\":\"ListItem\",\"position\":3,\"name\":\"LSK 14*14-0,29, 2300 valkoinen\"}]},{\"@type\":\"WebSite\",\"@id\":\"https:\/\/www.topverkko.fi\/#website\",\"url\":\"https:\/\/www.topverkko.fi\/\",\"name\":\"Topverkko\",\"description\":\"Metalli- ja lasikuituverkot teollisuuteen ja kotiin\",\"publisher\":{\"@id\":\"https:\/\/www.topverkko.fi\/#organization\"},\"potentialAction\":[{\"@type\":\"SearchAction\",\"target\":{\"@type\":\"EntryPoint\",\"urlTemplate\":\"https:\/\/www.topverkko.fi\/?s={search_term_string}\"},\"query-input\":{\"@type\":\"PropertyValueSpecification\",\"valueRequired\":true,\"valueName\":\"search_term_string\"}}],\"inLanguage\":\"en-US\"},{\"@type\":\"Organization\",\"@id\":\"https:\/\/www.topverkko.fi\/#organization\",\"name\":\"Topverkko\",\"url\":\"https:\/\/www.topverkko.fi\/\",\"logo\":{\"@type\":\"ImageObject\",\"inLanguage\":\"en-US\",\"@id\":\"https:\/\/www.topverkko.fi\/#\/schema\/logo\/image\/\",\"url\":\"https:\/\/www.topverkko.fi\/wp-content\/uploads\/Topverkko-Logo.png\",\"contentUrl\":\"https:\/\/www.topverkko.fi\/wp-content\/uploads\/Topverkko-Logo.png\",\"width\":766,\"height\":290,\"caption\":\"Topverkko\"},\"image\":{\"@id\":\"https:\/\/www.topverkko.fi\/#\/schema\/logo\/image\/\"}}]}<\/script>\n<!-- \/ Yoast SEO plugin. -->","yoast_head_json":{"title":"Valkoinen lasikuituverkko | 14*14-0,29, 2300","description":"Lasikuituverkkoa voi k\u00e4ytt\u00e4\u00e4 hy\u00f6nteisverkkona ikkunoissa ja ovissa. Langan halkaisija 0,29 mm, vapaa aukko \u00f8 1,524 mm, lankoja tuumaa kohden 14*14","robots":{"index":"index","follow":"follow","max-snippet":"max-snippet:-1","max-image-preview":"max-image-preview:large","max-video-preview":"max-video-preview:-1"},"canonical":"https:\/\/www.topverkko.fi\/en\/product\/lsk1414-029-2300\/","og_locale":"en_US","og_type":"article","og_title":"Valkoinen lasikuituverkko | 14*14-0,29, 2300","og_description":"Lasikuituverkkoa voi k\u00e4ytt\u00e4\u00e4 hy\u00f6nteisverkkona ikkunoissa ja ovissa. Langan halkaisija 0,29 mm, vapaa aukko \u00f8 1,524 mm, lankoja tuumaa kohden 14*14","og_url":"https:\/\/www.topverkko.fi\/en\/product\/lsk1414-029-2300\/","og_site_name":"Topverkko","article_modified_time":"2026-04-07T12:28:26+00:00","og_image":[{"width":700,"height":900,"url":"https:\/\/www.topverkko.fi\/wp-content\/uploads\/LasikuituMusta.webp","type":"image\/webp"}],"twitter_card":"summary_large_image","twitter_misc":{"Est. reading time":"1 minute"},"schema":{"@context":"https:\/\/schema.org","@graph":[{"@type":"WebPage","@id":"https:\/\/www.topverkko.fi\/tuote\/lsk1414-029-2300\/","url":"https:\/\/www.topverkko.fi\/tuote\/lsk1414-029-2300\/","name":"Valkoinen lasikuituverkko | 14*14-0,29, 2300","isPartOf":{"@id":"https:\/\/www.topverkko.fi\/#website"},"primaryImageOfPage":{"@id":"https:\/\/www.topverkko.fi\/tuote\/lsk1414-029-2300\/#primaryimage"},"image":{"@id":"https:\/\/www.topverkko.fi\/tuote\/lsk1414-029-2300\/#primaryimage"},"thumbnailUrl":"https:\/\/www.topverkko.fi\/wp-content\/uploads\/LasikuituMusta.webp","datePublished":"2024-09-02T15:13:27+00:00","dateModified":"2026-04-07T12:28:26+00:00","description":"Lasikuituverkkoa voi k\u00e4ytt\u00e4\u00e4 hy\u00f6nteisverkkona ikkunoissa ja ovissa. Langan halkaisija 0,29 mm, vapaa aukko \u00f8 1,524 mm, lankoja tuumaa kohden 14*14","breadcrumb":{"@id":"https:\/\/www.topverkko.fi\/tuote\/lsk1414-029-2300\/#breadcrumb"},"inLanguage":"en-US","potentialAction":[{"@type":"ReadAction","target":["https:\/\/www.topverkko.fi\/tuote\/lsk1414-029-2300\/"]}]},{"@type":"ImageObject","inLanguage":"en-US","@id":"https:\/\/www.topverkko.fi\/tuote\/lsk1414-029-2300\/#primaryimage","url":"https:\/\/www.topverkko.fi\/wp-content\/uploads\/LasikuituMusta.webp","contentUrl":"https:\/\/www.topverkko.fi\/wp-content\/uploads\/LasikuituMusta.webp","width":700,"height":900,"caption":"lasikuituverkko14*14-0,29, 2300"},{"@type":"BreadcrumbList","@id":"https:\/\/www.topverkko.fi\/tuote\/lsk1414-029-2300\/#breadcrumb","itemListElement":[{"@type":"ListItem","position":1,"name":"Etusivu","item":"https:\/\/www.topverkko.fi\/"},{"@type":"ListItem","position":2,"name":"Tuotteet","item":"https:\/\/www.topverkko.fi\/tuotteet\/"},{"@type":"ListItem","position":3,"name":"LSK 14*14-0,29, 2300 valkoinen"}]},{"@type":"WebSite","@id":"https:\/\/www.topverkko.fi\/#website","url":"https:\/\/www.topverkko.fi\/","name":"Topverkko","description":"Metalli- ja lasikuituverkot teollisuuteen ja kotiin","publisher":{"@id":"https:\/\/www.topverkko.fi\/#organization"},"potentialAction":[{"@type":"SearchAction","target":{"@type":"EntryPoint","urlTemplate":"https:\/\/www.topverkko.fi\/?s={search_term_string}"},"query-input":{"@type":"PropertyValueSpecification","valueRequired":true,"valueName":"search_term_string"}}],"inLanguage":"en-US"},{"@type":"Organization","@id":"https:\/\/www.topverkko.fi\/#organization","name":"Topverkko","url":"https:\/\/www.topverkko.fi\/","logo":{"@type":"ImageObject","inLanguage":"en-US","@id":"https:\/\/www.topverkko.fi\/#\/schema\/logo\/image\/","url":"https:\/\/www.topverkko.fi\/wp-content\/uploads\/Topverkko-Logo.png","contentUrl":"https:\/\/www.topverkko.fi\/wp-content\/uploads\/Topverkko-Logo.png","width":766,"height":290,"caption":"Topverkko"},"image":{"@id":"https:\/\/www.topverkko.fi\/#\/schema\/logo\/image\/"}}]}},"_links":{"self":[{"href":"https:\/\/www.topverkko.fi\/en\/wp-json\/wp\/v2\/product\/249","targetHints":{"allow":["GET"]}}],"collection":[{"href":"https:\/\/www.topverkko.fi\/en\/wp-json\/wp\/v2\/product"}],"about":[{"href":"https:\/\/www.topverkko.fi\/en\/wp-json\/wp\/v2\/types\/product"}],"replies":[{"embeddable":true,"href":"https:\/\/www.topverkko.fi\/en\/wp-json\/wp\/v2\/comments?post=249"}],"wp:featuredmedia":[{"embeddable":true,"href":"https:\/\/www.topverkko.fi\/en\/wp-json\/wp\/v2\/media\/250"}],"wp:attachment":[{"href":"https:\/\/www.topverkko.fi\/en\/wp-json\/wp\/v2\/media?parent=249"}],"wp:term":[{"taxonomy":"product_brand","embeddable":true,"href":"https:\/\/www.topverkko.fi\/en\/wp-json\/wp\/v2\/product_brand?post=249"},{"taxonomy":"product_cat","embeddable":true,"href":"https:\/\/www.topverkko.fi\/en\/wp-json\/wp\/v2\/product_cat?post=249"},{"taxonomy":"product_tag","embeddable":true,"href":"https:\/\/www.topverkko.fi\/en\/wp-json\/wp\/v2\/product_tag?post=249"}],"curies":[{"name":"wp","href":"https:\/\/api.w.org\/{rel}","templated":true}]}}