{"id":532,"date":"2024-09-02T18:08:24","date_gmt":"2024-09-02T15:08:24","guid":{"rendered":"https:\/\/tilox.testisivu.com\/?post_type=product&#038;p=532"},"modified":"2025-03-11T15:34:41","modified_gmt":"2025-03-11T13:34:41","slug":"508508-0025-1020","status":"publish","type":"product","link":"https:\/\/www.topverkko.fi\/en\/product\/508508-0025-1020\/","title":{"rendered":"RST 508*508-0,025, 1020"},"content":{"rendered":"<p>Wire material: AISI 304<\/p>\n<hr \/>\n<p>Wire diameter: \u00f8 0,025 mm<\/p>\n<hr \/>\n<p>Free opening: \u00f8 0,025 mm<\/p>\n<hr \/>\n<p>Threads per inch: 508 * 508<\/p>\n<hr \/>\n<p>Roll length: 30,5 m<\/p>\n<hr \/>\n<p>Roll width: 1016 mm<\/p>\n<hr \/>\n<p>Neli\u00f6hinta: 108,61 \u20ac\/m\u00b2<\/p>\n<hr \/>\n<p>Rullan hinta: 4040,00 \u20ac\/rulla<\/p>\n<hr \/>\n<p>Weight: 0,2623 kg\/m\u00b2<\/p>\n<hr \/>\n<p>Minimum delivery lot: No minimum length<\/p>\n<hr \/>\n<p>Delivery time: About a week<\/p>","protected":false},"excerpt":{"rendered":"<p>Kudottu ruostumaton RST verkko. Langan materiaali AISI 304, langan halkaisija 0,025 mm, vapaa aukko \u00f8 0,025 mm, lankoja tuumaa kohden 508*508<br \/>\nTihe\u00e4 ruostumaton verkkoa voidaan k\u00e4ytt\u00e4\u00e4 mm.teollisuuden monissa kohteissa esim. suodattimissa.<\/p>","protected":false},"featured_media":533,"comment_status":"closed","ping_status":"closed","template":"","meta":[],"product_brand":[],"product_cat":[28],"product_tag":[69,92,93],"class_list":{"0":"post-532","1":"product","2":"type-product","3":"status-publish","4":"has-post-thumbnail","6":"product_cat-kudotut-ruostumattomat-verkot","7":"product_tag-suodatin-verkko","8":"product_tag-verkko-suodattimeen","9":"product_tag-verkkosuodatin","11":"first","12":"instock","13":"shipping-taxable","14":"purchasable","15":"product-type-simple"},"yoast_head":"<!-- This site is optimized with the Yoast SEO plugin v26.0 - https:\/\/yoast.com\/wordpress\/plugins\/seo\/ -->\n<title>Kudottu ruostumaton RST verkko | 508*508-0,025, 1020<\/title>\n<meta name=\"description\" content=\"Kudottu ruostumaton RST verkko. Langan materiaali AISI 304, langan halkaisija 0,025 mm, vapaa aukko \u00f8 0,025 mm, lankoja tuumaa kohden 508*508\" \/>\n<meta name=\"robots\" content=\"index, follow, max-snippet:-1, max-image-preview:large, max-video-preview:-1\" \/>\n<link rel=\"canonical\" href=\"https:\/\/www.topverkko.fi\/en\/product\/508508-0025-1020\/\" \/>\n<meta property=\"og:locale\" content=\"en_US\" \/>\n<meta property=\"og:type\" content=\"article\" \/>\n<meta property=\"og:title\" content=\"Kudottu ruostumaton RST verkko | 508*508-0,025, 1020\" \/>\n<meta property=\"og:description\" content=\"Kudottu ruostumaton RST verkko. Langan materiaali AISI 304, langan halkaisija 0,025 mm, vapaa aukko \u00f8 0,025 mm, lankoja tuumaa kohden 508*508\" \/>\n<meta property=\"og:url\" content=\"https:\/\/www.topverkko.fi\/en\/product\/508508-0025-1020\/\" \/>\n<meta property=\"og:site_name\" content=\"Topverkko\" \/>\n<meta property=\"article:modified_time\" content=\"2025-03-11T13:34:41+00:00\" \/>\n<meta property=\"og:image\" content=\"https:\/\/www.topverkko.fi\/wp-content\/uploads\/Ruostumaton508x508_pieni.webp\" \/>\n\t<meta property=\"og:image:width\" content=\"700\" \/>\n\t<meta property=\"og:image:height\" content=\"900\" \/>\n\t<meta property=\"og:image:type\" content=\"image\/webp\" \/>\n<meta name=\"twitter:card\" content=\"summary_large_image\" \/>\n<meta name=\"twitter:label1\" content=\"Est. reading time\" \/>\n\t<meta name=\"twitter:data1\" content=\"1 minute\" \/>\n<script type=\"application\/ld+json\" class=\"yoast-schema-graph\">{\"@context\":\"https:\/\/schema.org\",\"@graph\":[{\"@type\":\"WebPage\",\"@id\":\"https:\/\/www.topverkko.fi\/tuote\/508508-0025-1020\/\",\"url\":\"https:\/\/www.topverkko.fi\/tuote\/508508-0025-1020\/\",\"name\":\"Kudottu ruostumaton RST verkko | 508*508-0,025, 1020\",\"isPartOf\":{\"@id\":\"https:\/\/www.topverkko.fi\/#website\"},\"primaryImageOfPage\":{\"@id\":\"https:\/\/www.topverkko.fi\/tuote\/508508-0025-1020\/#primaryimage\"},\"image\":{\"@id\":\"https:\/\/www.topverkko.fi\/tuote\/508508-0025-1020\/#primaryimage\"},\"thumbnailUrl\":\"https:\/\/www.topverkko.fi\/wp-content\/uploads\/Ruostumaton508x508_pieni.webp\",\"datePublished\":\"2024-09-02T15:08:24+00:00\",\"dateModified\":\"2025-03-11T13:34:41+00:00\",\"description\":\"Kudottu ruostumaton RST verkko. Langan materiaali AISI 304, langan halkaisija 0,025 mm, vapaa aukko \u00f8 0,025 mm, lankoja tuumaa kohden 508*508\",\"breadcrumb\":{\"@id\":\"https:\/\/www.topverkko.fi\/tuote\/508508-0025-1020\/#breadcrumb\"},\"inLanguage\":\"en-US\",\"potentialAction\":[{\"@type\":\"ReadAction\",\"target\":[\"https:\/\/www.topverkko.fi\/tuote\/508508-0025-1020\/\"]}]},{\"@type\":\"ImageObject\",\"inLanguage\":\"en-US\",\"@id\":\"https:\/\/www.topverkko.fi\/tuote\/508508-0025-1020\/#primaryimage\",\"url\":\"https:\/\/www.topverkko.fi\/wp-content\/uploads\/Ruostumaton508x508_pieni.webp\",\"contentUrl\":\"https:\/\/www.topverkko.fi\/wp-content\/uploads\/Ruostumaton508x508_pieni.webp\",\"width\":700,\"height\":900,\"caption\":\"Kudottu ruostumaton RST verkko, 508*508-0,025, 1020\"},{\"@type\":\"BreadcrumbList\",\"@id\":\"https:\/\/www.topverkko.fi\/tuote\/508508-0025-1020\/#breadcrumb\",\"itemListElement\":[{\"@type\":\"ListItem\",\"position\":1,\"name\":\"Etusivu\",\"item\":\"https:\/\/www.topverkko.fi\/\"},{\"@type\":\"ListItem\",\"position\":2,\"name\":\"Tuotteet\",\"item\":\"https:\/\/www.topverkko.fi\/tuotteet\/\"},{\"@type\":\"ListItem\",\"position\":3,\"name\":\"RST 508*508-0,025, 1020\"}]},{\"@type\":\"WebSite\",\"@id\":\"https:\/\/www.topverkko.fi\/#website\",\"url\":\"https:\/\/www.topverkko.fi\/\",\"name\":\"Topverkko\",\"description\":\"Metalli- ja lasikuituverkot teollisuuteen ja kotiin\",\"publisher\":{\"@id\":\"https:\/\/www.topverkko.fi\/#organization\"},\"potentialAction\":[{\"@type\":\"SearchAction\",\"target\":{\"@type\":\"EntryPoint\",\"urlTemplate\":\"https:\/\/www.topverkko.fi\/?s={search_term_string}\"},\"query-input\":{\"@type\":\"PropertyValueSpecification\",\"valueRequired\":true,\"valueName\":\"search_term_string\"}}],\"inLanguage\":\"en-US\"},{\"@type\":\"Organization\",\"@id\":\"https:\/\/www.topverkko.fi\/#organization\",\"name\":\"Topverkko\",\"url\":\"https:\/\/www.topverkko.fi\/\",\"logo\":{\"@type\":\"ImageObject\",\"inLanguage\":\"en-US\",\"@id\":\"https:\/\/www.topverkko.fi\/#\/schema\/logo\/image\/\",\"url\":\"https:\/\/www.topverkko.fi\/wp-content\/uploads\/Topverkko-Logo.png\",\"contentUrl\":\"https:\/\/www.topverkko.fi\/wp-content\/uploads\/Topverkko-Logo.png\",\"width\":766,\"height\":290,\"caption\":\"Topverkko\"},\"image\":{\"@id\":\"https:\/\/www.topverkko.fi\/#\/schema\/logo\/image\/\"}}]}<\/script>\n<!-- \/ Yoast SEO plugin. -->","yoast_head_json":{"title":"Kudottu ruostumaton RST verkko | 508*508-0,025, 1020","description":"Kudottu ruostumaton RST verkko. Langan materiaali AISI 304, langan halkaisija 0,025 mm, vapaa aukko \u00f8 0,025 mm, lankoja tuumaa kohden 508*508","robots":{"index":"index","follow":"follow","max-snippet":"max-snippet:-1","max-image-preview":"max-image-preview:large","max-video-preview":"max-video-preview:-1"},"canonical":"https:\/\/www.topverkko.fi\/en\/product\/508508-0025-1020\/","og_locale":"en_US","og_type":"article","og_title":"Kudottu ruostumaton RST verkko | 508*508-0,025, 1020","og_description":"Kudottu ruostumaton RST verkko. Langan materiaali AISI 304, langan halkaisija 0,025 mm, vapaa aukko \u00f8 0,025 mm, lankoja tuumaa kohden 508*508","og_url":"https:\/\/www.topverkko.fi\/en\/product\/508508-0025-1020\/","og_site_name":"Topverkko","article_modified_time":"2025-03-11T13:34:41+00:00","og_image":[{"width":700,"height":900,"url":"https:\/\/www.topverkko.fi\/wp-content\/uploads\/Ruostumaton508x508_pieni.webp","type":"image\/webp"}],"twitter_card":"summary_large_image","twitter_misc":{"Est. reading time":"1 minute"},"schema":{"@context":"https:\/\/schema.org","@graph":[{"@type":"WebPage","@id":"https:\/\/www.topverkko.fi\/tuote\/508508-0025-1020\/","url":"https:\/\/www.topverkko.fi\/tuote\/508508-0025-1020\/","name":"Kudottu ruostumaton RST verkko | 508*508-0,025, 1020","isPartOf":{"@id":"https:\/\/www.topverkko.fi\/#website"},"primaryImageOfPage":{"@id":"https:\/\/www.topverkko.fi\/tuote\/508508-0025-1020\/#primaryimage"},"image":{"@id":"https:\/\/www.topverkko.fi\/tuote\/508508-0025-1020\/#primaryimage"},"thumbnailUrl":"https:\/\/www.topverkko.fi\/wp-content\/uploads\/Ruostumaton508x508_pieni.webp","datePublished":"2024-09-02T15:08:24+00:00","dateModified":"2025-03-11T13:34:41+00:00","description":"Kudottu ruostumaton RST verkko. Langan materiaali AISI 304, langan halkaisija 0,025 mm, vapaa aukko \u00f8 0,025 mm, lankoja tuumaa kohden 508*508","breadcrumb":{"@id":"https:\/\/www.topverkko.fi\/tuote\/508508-0025-1020\/#breadcrumb"},"inLanguage":"en-US","potentialAction":[{"@type":"ReadAction","target":["https:\/\/www.topverkko.fi\/tuote\/508508-0025-1020\/"]}]},{"@type":"ImageObject","inLanguage":"en-US","@id":"https:\/\/www.topverkko.fi\/tuote\/508508-0025-1020\/#primaryimage","url":"https:\/\/www.topverkko.fi\/wp-content\/uploads\/Ruostumaton508x508_pieni.webp","contentUrl":"https:\/\/www.topverkko.fi\/wp-content\/uploads\/Ruostumaton508x508_pieni.webp","width":700,"height":900,"caption":"Kudottu ruostumaton RST verkko, 508*508-0,025, 1020"},{"@type":"BreadcrumbList","@id":"https:\/\/www.topverkko.fi\/tuote\/508508-0025-1020\/#breadcrumb","itemListElement":[{"@type":"ListItem","position":1,"name":"Etusivu","item":"https:\/\/www.topverkko.fi\/"},{"@type":"ListItem","position":2,"name":"Tuotteet","item":"https:\/\/www.topverkko.fi\/tuotteet\/"},{"@type":"ListItem","position":3,"name":"RST 508*508-0,025, 1020"}]},{"@type":"WebSite","@id":"https:\/\/www.topverkko.fi\/#website","url":"https:\/\/www.topverkko.fi\/","name":"Topverkko","description":"Metalli- ja lasikuituverkot teollisuuteen ja kotiin","publisher":{"@id":"https:\/\/www.topverkko.fi\/#organization"},"potentialAction":[{"@type":"SearchAction","target":{"@type":"EntryPoint","urlTemplate":"https:\/\/www.topverkko.fi\/?s={search_term_string}"},"query-input":{"@type":"PropertyValueSpecification","valueRequired":true,"valueName":"search_term_string"}}],"inLanguage":"en-US"},{"@type":"Organization","@id":"https:\/\/www.topverkko.fi\/#organization","name":"Topverkko","url":"https:\/\/www.topverkko.fi\/","logo":{"@type":"ImageObject","inLanguage":"en-US","@id":"https:\/\/www.topverkko.fi\/#\/schema\/logo\/image\/","url":"https:\/\/www.topverkko.fi\/wp-content\/uploads\/Topverkko-Logo.png","contentUrl":"https:\/\/www.topverkko.fi\/wp-content\/uploads\/Topverkko-Logo.png","width":766,"height":290,"caption":"Topverkko"},"image":{"@id":"https:\/\/www.topverkko.fi\/#\/schema\/logo\/image\/"}}]}},"_links":{"self":[{"href":"https:\/\/www.topverkko.fi\/en\/wp-json\/wp\/v2\/product\/532","targetHints":{"allow":["GET"]}}],"collection":[{"href":"https:\/\/www.topverkko.fi\/en\/wp-json\/wp\/v2\/product"}],"about":[{"href":"https:\/\/www.topverkko.fi\/en\/wp-json\/wp\/v2\/types\/product"}],"replies":[{"embeddable":true,"href":"https:\/\/www.topverkko.fi\/en\/wp-json\/wp\/v2\/comments?post=532"}],"wp:featuredmedia":[{"embeddable":true,"href":"https:\/\/www.topverkko.fi\/en\/wp-json\/wp\/v2\/media\/533"}],"wp:attachment":[{"href":"https:\/\/www.topverkko.fi\/en\/wp-json\/wp\/v2\/media?parent=532"}],"wp:term":[{"taxonomy":"product_brand","embeddable":true,"href":"https:\/\/www.topverkko.fi\/en\/wp-json\/wp\/v2\/product_brand?post=532"},{"taxonomy":"product_cat","embeddable":true,"href":"https:\/\/www.topverkko.fi\/en\/wp-json\/wp\/v2\/product_cat?post=532"},{"taxonomy":"product_tag","embeddable":true,"href":"https:\/\/www.topverkko.fi\/en\/wp-json\/wp\/v2\/product_tag?post=532"}],"curies":[{"name":"wp","href":"https:\/\/api.w.org\/{rel}","templated":true}]}}