{"id":574,"date":"2024-09-02T19:55:44","date_gmt":"2024-09-02T16:55:44","guid":{"rendered":"https:\/\/tilox.testisivu.com\/?post_type=product&#038;p=574"},"modified":"2026-04-14T08:25:30","modified_gmt":"2026-04-14T05:25:30","slug":"11-12-1220","status":"publish","type":"product","link":"https:\/\/www.topverkko.fi\/en\/product\/11-12-1220\/","title":{"rendered":"RST 1*1-1,2, 1220"},"content":{"rendered":"<p>Wire material: AISI 304<\/p>\n<hr \/>\n<p>Wire diameter: \u00f8 1.2 mm<\/p>\n<hr \/>\n<p>Free opening: \u00f8 24,200 mm<\/p>\n<hr \/>\n<p>Threads per inch: 1 * 1<\/p>\n<hr \/>\n<p>Roll length: 30,5 m<\/p>\n<hr \/>\n<p>Roll width: 1220 mm<\/p>\n<hr \/>\n<p>Neli\u00f6hinta: 8,28 \u20ac\/m\u00b2<\/p>\n<hr \/>\n<p>Rullan hinta: 306,00 \u20ac\/rulla<\/p>\n<hr \/>\n<p>Paino: 0,8524 kg\/m\u00b2 (koko rulla 27 kg)<\/p>\n<hr \/>\n<p>Minimum delivery lot: No minimum length<\/p>\n<hr \/>\n<p>Delivery time: About a week<\/p>","protected":false},"excerpt":{"rendered":"<p>Hitsattu ruostumaton verkko. Langan halkaisija 1,2mm. Vapaa aukko halkaisija 24.200mm. Lankoja tuumaa kohden 1*1. Rullan leveys 1220mm. Verkkoa voidaan k\u00e4ytt\u00e4\u00e4 esimerkiksi r\u00e4yst\u00e4sverkkona , lemmikkiaitausverkkona ja my\u00f6s monissa muissa aitaustarpeissa.<\/p>","protected":false},"featured_media":575,"comment_status":"closed","ping_status":"closed","template":"","meta":[],"product_brand":[],"product_cat":[29],"product_tag":[81,43,44,82,57,130],"class_list":{"0":"post-574","1":"product","2":"type-product","3":"status-publish","4":"has-post-thumbnail","6":"product_cat-hitsatut-ruostumattomat-verkot","7":"product_tag-aitaverkko","8":"product_tag-hitsattu","9":"product_tag-lemmikki-verkko","10":"product_tag-raystasverkko","11":"product_tag-rst-ruostumaton-verkko","12":"product_tag-rst-verkko","14":"first","15":"instock","16":"shipping-taxable","17":"purchasable","18":"product-type-simple"},"yoast_head":"<!-- This site is optimized with the Yoast SEO plugin v26.0 - https:\/\/yoast.com\/wordpress\/plugins\/seo\/ -->\n<title>Ruostumaton hitsattu verkko | RST 1*1-1,2, 1220 | Topverkko<\/title>\n<meta name=\"description\" content=\"Hitsattu ruostumaton verkko. Langan halkaisija 1,2mm. Vapaa aukko halkaisija 24,200mm. Lankoja tuumaa kohden 1*1. Rullan leveys 1220mm.\" \/>\n<meta name=\"robots\" content=\"index, follow, max-snippet:-1, max-image-preview:large, max-video-preview:-1\" \/>\n<link rel=\"canonical\" href=\"https:\/\/www.topverkko.fi\/en\/product\/11-12-1220\/\" \/>\n<meta property=\"og:locale\" content=\"en_US\" \/>\n<meta property=\"og:type\" content=\"article\" \/>\n<meta property=\"og:title\" content=\"Ruostumaton hitsattu verkko | RST 1*1-1,2, 1220 | Topverkko\" \/>\n<meta property=\"og:description\" content=\"Hitsattu ruostumaton verkko. Langan halkaisija 1,2mm. Vapaa aukko halkaisija 24,200mm. Lankoja tuumaa kohden 1*1. Rullan leveys 1220mm.\" \/>\n<meta property=\"og:url\" content=\"https:\/\/www.topverkko.fi\/en\/product\/11-12-1220\/\" \/>\n<meta property=\"og:site_name\" content=\"Topverkko\" \/>\n<meta property=\"article:modified_time\" content=\"2026-04-14T05:25:30+00:00\" \/>\n<meta property=\"og:image\" content=\"https:\/\/www.topverkko.fi\/wp-content\/uploads\/Ruostumaton_1x1x12_pieni.webp\" \/>\n\t<meta property=\"og:image:width\" content=\"700\" \/>\n\t<meta property=\"og:image:height\" content=\"900\" \/>\n\t<meta property=\"og:image:type\" content=\"image\/webp\" \/>\n<meta name=\"twitter:card\" content=\"summary_large_image\" \/>\n<meta name=\"twitter:label1\" content=\"Est. reading time\" \/>\n\t<meta name=\"twitter:data1\" content=\"1 minute\" \/>\n<script type=\"application\/ld+json\" class=\"yoast-schema-graph\">{\"@context\":\"https:\/\/schema.org\",\"@graph\":[{\"@type\":\"WebPage\",\"@id\":\"https:\/\/www.topverkko.fi\/tuote\/11-12-1220\/\",\"url\":\"https:\/\/www.topverkko.fi\/tuote\/11-12-1220\/\",\"name\":\"Ruostumaton hitsattu verkko | RST 1*1-1,2, 1220 | Topverkko\",\"isPartOf\":{\"@id\":\"https:\/\/www.topverkko.fi\/#website\"},\"primaryImageOfPage\":{\"@id\":\"https:\/\/www.topverkko.fi\/tuote\/11-12-1220\/#primaryimage\"},\"image\":{\"@id\":\"https:\/\/www.topverkko.fi\/tuote\/11-12-1220\/#primaryimage\"},\"thumbnailUrl\":\"https:\/\/www.topverkko.fi\/wp-content\/uploads\/Ruostumaton_1x1x12_pieni.webp\",\"datePublished\":\"2024-09-02T16:55:44+00:00\",\"dateModified\":\"2026-04-14T05:25:30+00:00\",\"description\":\"Hitsattu ruostumaton verkko. Langan halkaisija 1,2mm. Vapaa aukko halkaisija 24,200mm. Lankoja tuumaa kohden 1*1. Rullan leveys 1220mm.\",\"breadcrumb\":{\"@id\":\"https:\/\/www.topverkko.fi\/tuote\/11-12-1220\/#breadcrumb\"},\"inLanguage\":\"en-US\",\"potentialAction\":[{\"@type\":\"ReadAction\",\"target\":[\"https:\/\/www.topverkko.fi\/tuote\/11-12-1220\/\"]}]},{\"@type\":\"ImageObject\",\"inLanguage\":\"en-US\",\"@id\":\"https:\/\/www.topverkko.fi\/tuote\/11-12-1220\/#primaryimage\",\"url\":\"https:\/\/www.topverkko.fi\/wp-content\/uploads\/Ruostumaton_1x1x12_pieni.webp\",\"contentUrl\":\"https:\/\/www.topverkko.fi\/wp-content\/uploads\/Ruostumaton_1x1x12_pieni.webp\",\"width\":700,\"height\":900},{\"@type\":\"BreadcrumbList\",\"@id\":\"https:\/\/www.topverkko.fi\/tuote\/11-12-1220\/#breadcrumb\",\"itemListElement\":[{\"@type\":\"ListItem\",\"position\":1,\"name\":\"Etusivu\",\"item\":\"https:\/\/www.topverkko.fi\/\"},{\"@type\":\"ListItem\",\"position\":2,\"name\":\"Tuotteet\",\"item\":\"https:\/\/www.topverkko.fi\/tuotteet\/\"},{\"@type\":\"ListItem\",\"position\":3,\"name\":\"RST 1*1-1,2, 1220\"}]},{\"@type\":\"WebSite\",\"@id\":\"https:\/\/www.topverkko.fi\/#website\",\"url\":\"https:\/\/www.topverkko.fi\/\",\"name\":\"Topverkko\",\"description\":\"Metalli- ja lasikuituverkot teollisuuteen ja kotiin\",\"publisher\":{\"@id\":\"https:\/\/www.topverkko.fi\/#organization\"},\"potentialAction\":[{\"@type\":\"SearchAction\",\"target\":{\"@type\":\"EntryPoint\",\"urlTemplate\":\"https:\/\/www.topverkko.fi\/?s={search_term_string}\"},\"query-input\":{\"@type\":\"PropertyValueSpecification\",\"valueRequired\":true,\"valueName\":\"search_term_string\"}}],\"inLanguage\":\"en-US\"},{\"@type\":\"Organization\",\"@id\":\"https:\/\/www.topverkko.fi\/#organization\",\"name\":\"Topverkko\",\"url\":\"https:\/\/www.topverkko.fi\/\",\"logo\":{\"@type\":\"ImageObject\",\"inLanguage\":\"en-US\",\"@id\":\"https:\/\/www.topverkko.fi\/#\/schema\/logo\/image\/\",\"url\":\"https:\/\/www.topverkko.fi\/wp-content\/uploads\/Topverkko-Logo.png\",\"contentUrl\":\"https:\/\/www.topverkko.fi\/wp-content\/uploads\/Topverkko-Logo.png\",\"width\":766,\"height\":290,\"caption\":\"Topverkko\"},\"image\":{\"@id\":\"https:\/\/www.topverkko.fi\/#\/schema\/logo\/image\/\"}}]}<\/script>\n<!-- \/ Yoast SEO plugin. -->","yoast_head_json":{"title":"Ruostumaton hitsattu verkko | RST 1*1-1,2, 1220 | Topverkko","description":"Hitsattu ruostumaton verkko. Langan halkaisija 1,2mm. Vapaa aukko halkaisija 24,200mm. Lankoja tuumaa kohden 1*1. Rullan leveys 1220mm.","robots":{"index":"index","follow":"follow","max-snippet":"max-snippet:-1","max-image-preview":"max-image-preview:large","max-video-preview":"max-video-preview:-1"},"canonical":"https:\/\/www.topverkko.fi\/en\/product\/11-12-1220\/","og_locale":"en_US","og_type":"article","og_title":"Ruostumaton hitsattu verkko | RST 1*1-1,2, 1220 | Topverkko","og_description":"Hitsattu ruostumaton verkko. Langan halkaisija 1,2mm. Vapaa aukko halkaisija 24,200mm. Lankoja tuumaa kohden 1*1. Rullan leveys 1220mm.","og_url":"https:\/\/www.topverkko.fi\/en\/product\/11-12-1220\/","og_site_name":"Topverkko","article_modified_time":"2026-04-14T05:25:30+00:00","og_image":[{"width":700,"height":900,"url":"https:\/\/www.topverkko.fi\/wp-content\/uploads\/Ruostumaton_1x1x12_pieni.webp","type":"image\/webp"}],"twitter_card":"summary_large_image","twitter_misc":{"Est. reading time":"1 minute"},"schema":{"@context":"https:\/\/schema.org","@graph":[{"@type":"WebPage","@id":"https:\/\/www.topverkko.fi\/tuote\/11-12-1220\/","url":"https:\/\/www.topverkko.fi\/tuote\/11-12-1220\/","name":"Ruostumaton hitsattu verkko | RST 1*1-1,2, 1220 | Topverkko","isPartOf":{"@id":"https:\/\/www.topverkko.fi\/#website"},"primaryImageOfPage":{"@id":"https:\/\/www.topverkko.fi\/tuote\/11-12-1220\/#primaryimage"},"image":{"@id":"https:\/\/www.topverkko.fi\/tuote\/11-12-1220\/#primaryimage"},"thumbnailUrl":"https:\/\/www.topverkko.fi\/wp-content\/uploads\/Ruostumaton_1x1x12_pieni.webp","datePublished":"2024-09-02T16:55:44+00:00","dateModified":"2026-04-14T05:25:30+00:00","description":"Hitsattu ruostumaton verkko. Langan halkaisija 1,2mm. Vapaa aukko halkaisija 24,200mm. Lankoja tuumaa kohden 1*1. Rullan leveys 1220mm.","breadcrumb":{"@id":"https:\/\/www.topverkko.fi\/tuote\/11-12-1220\/#breadcrumb"},"inLanguage":"en-US","potentialAction":[{"@type":"ReadAction","target":["https:\/\/www.topverkko.fi\/tuote\/11-12-1220\/"]}]},{"@type":"ImageObject","inLanguage":"en-US","@id":"https:\/\/www.topverkko.fi\/tuote\/11-12-1220\/#primaryimage","url":"https:\/\/www.topverkko.fi\/wp-content\/uploads\/Ruostumaton_1x1x12_pieni.webp","contentUrl":"https:\/\/www.topverkko.fi\/wp-content\/uploads\/Ruostumaton_1x1x12_pieni.webp","width":700,"height":900},{"@type":"BreadcrumbList","@id":"https:\/\/www.topverkko.fi\/tuote\/11-12-1220\/#breadcrumb","itemListElement":[{"@type":"ListItem","position":1,"name":"Etusivu","item":"https:\/\/www.topverkko.fi\/"},{"@type":"ListItem","position":2,"name":"Tuotteet","item":"https:\/\/www.topverkko.fi\/tuotteet\/"},{"@type":"ListItem","position":3,"name":"RST 1*1-1,2, 1220"}]},{"@type":"WebSite","@id":"https:\/\/www.topverkko.fi\/#website","url":"https:\/\/www.topverkko.fi\/","name":"Topverkko","description":"Metalli- ja lasikuituverkot teollisuuteen ja kotiin","publisher":{"@id":"https:\/\/www.topverkko.fi\/#organization"},"potentialAction":[{"@type":"SearchAction","target":{"@type":"EntryPoint","urlTemplate":"https:\/\/www.topverkko.fi\/?s={search_term_string}"},"query-input":{"@type":"PropertyValueSpecification","valueRequired":true,"valueName":"search_term_string"}}],"inLanguage":"en-US"},{"@type":"Organization","@id":"https:\/\/www.topverkko.fi\/#organization","name":"Topverkko","url":"https:\/\/www.topverkko.fi\/","logo":{"@type":"ImageObject","inLanguage":"en-US","@id":"https:\/\/www.topverkko.fi\/#\/schema\/logo\/image\/","url":"https:\/\/www.topverkko.fi\/wp-content\/uploads\/Topverkko-Logo.png","contentUrl":"https:\/\/www.topverkko.fi\/wp-content\/uploads\/Topverkko-Logo.png","width":766,"height":290,"caption":"Topverkko"},"image":{"@id":"https:\/\/www.topverkko.fi\/#\/schema\/logo\/image\/"}}]}},"_links":{"self":[{"href":"https:\/\/www.topverkko.fi\/en\/wp-json\/wp\/v2\/product\/574","targetHints":{"allow":["GET"]}}],"collection":[{"href":"https:\/\/www.topverkko.fi\/en\/wp-json\/wp\/v2\/product"}],"about":[{"href":"https:\/\/www.topverkko.fi\/en\/wp-json\/wp\/v2\/types\/product"}],"replies":[{"embeddable":true,"href":"https:\/\/www.topverkko.fi\/en\/wp-json\/wp\/v2\/comments?post=574"}],"wp:featuredmedia":[{"embeddable":true,"href":"https:\/\/www.topverkko.fi\/en\/wp-json\/wp\/v2\/media\/575"}],"wp:attachment":[{"href":"https:\/\/www.topverkko.fi\/en\/wp-json\/wp\/v2\/media?parent=574"}],"wp:term":[{"taxonomy":"product_brand","embeddable":true,"href":"https:\/\/www.topverkko.fi\/en\/wp-json\/wp\/v2\/product_brand?post=574"},{"taxonomy":"product_cat","embeddable":true,"href":"https:\/\/www.topverkko.fi\/en\/wp-json\/wp\/v2\/product_cat?post=574"},{"taxonomy":"product_tag","embeddable":true,"href":"https:\/\/www.topverkko.fi\/en\/wp-json\/wp\/v2\/product_tag?post=574"}],"curies":[{"name":"wp","href":"https:\/\/api.w.org\/{rel}","templated":true}]}}