{"id":576,"date":"2024-09-02T19:53:35","date_gmt":"2024-09-02T16:53:35","guid":{"rendered":"https:\/\/tilox.testisivu.com\/?post_type=product&#038;p=576"},"modified":"2026-04-14T08:26:33","modified_gmt":"2026-04-14T05:26:33","slug":"11-10-1220","status":"publish","type":"product","link":"https:\/\/www.topverkko.fi\/en\/product\/11-10-1220\/","title":{"rendered":"RST 1*1-1,0, 1220"},"content":{"rendered":"<p>Wire material: AISI 304<\/p>\n<hr \/>\n<p>Wire diameter: \u00f8 1,0 mm<\/p>\n<hr \/>\n<p>Free opening: \u00f8 24,400 mm<\/p>\n<hr \/>\n<p>Threads per inch: 1 * 1<\/p>\n<hr \/>\n<p>Roll length: 30,5 m<\/p>\n<hr \/>\n<p>Roll width: 1220 mm<\/p>\n<hr \/>\n<p>Neli\u00f6hinta: 7,70 \u20ac\/m\u00b2<\/p>\n<hr \/>\n<p>Rullan hinta: 285,00 \u20ac\/rulla<\/p>\n<hr \/>\n<p>Paino: 0,5902 kg\/m\u00b2 (koko rulla 18 kg)<\/p>\n<hr \/>\n<p>Minimum delivery lot: No minimum length<\/p>\n<hr \/>\n<p>Delivery time: About a week<\/p>","protected":false},"excerpt":{"rendered":"<p>Hitsattu ruostumaton verkko. Langan halkaisija 1,0 mm. Vapaa aukko \u00f8 24,400 mm, lankoja tuumaa kohden 1*1.Verkkoa voidaan k\u00e4ytt\u00e4\u00e4 esimerkiksi r\u00e4yst\u00e4sverkkona , lemmikkiaitausverkkona ja my\u00f6s monissa muissa aitaustarpeissa tai vaikka suojaverkkona puunymp\u00e4rille. Ruostumattoman ter\u00e4ksen ansiosta verkko kest\u00e4\u00e4 ulkona vaihtelevia olosuhteita .<\/p>","protected":false},"featured_media":577,"comment_status":"closed","ping_status":"closed","template":"","meta":[],"product_brand":[],"product_cat":[29],"product_tag":[83,43,96,85,87,84,44,82,42,126,45,86,97],"class_list":{"0":"post-576","1":"product","2":"type-product","3":"status-publish","4":"has-post-thumbnail","6":"product_cat-hitsatut-ruostumattomat-verkot","7":"product_tag-hiiriverkko","8":"product_tag-hitsattu","9":"product_tag-jyrsijasuojaverkko","10":"product_tag-kanaverkko","11":"product_tag-katiskahakki","12":"product_tag-koira-aita-verkko","13":"product_tag-lemmikki-verkko","14":"product_tag-raystasverkko","15":"product_tag-rst","16":"product_tag-rst-1mm","17":"product_tag-ruostumaton","18":"product_tag-suojaverkko-puille","19":"product_tag-verkko-hitsattu","21":"first","22":"instock","23":"shipping-taxable","24":"purchasable","25":"product-type-simple"},"yoast_head":"<!-- This site is optimized with the Yoast SEO plugin v26.0 - https:\/\/yoast.com\/wordpress\/plugins\/seo\/ -->\n<title>Hitsattu RST ruostumaton verkko | 1*1- 1,0,1220<\/title>\n<meta name=\"description\" content=\"Hitsattu ruostumaton verkko. Langan halkaisija 1,0 mm. Vapaa aukko \u00f8 24,400 mm, lankoja tuumaa kohden 1*1. Soveltuu esim. lemmikkien h\u00e4kkeihin.\" \/>\n<meta name=\"robots\" content=\"index, follow, max-snippet:-1, max-image-preview:large, max-video-preview:-1\" \/>\n<link rel=\"canonical\" href=\"https:\/\/www.topverkko.fi\/en\/product\/11-10-1220\/\" \/>\n<meta property=\"og:locale\" content=\"en_US\" \/>\n<meta property=\"og:type\" content=\"article\" \/>\n<meta property=\"og:title\" content=\"Hitsattu RST ruostumaton verkko | 1*1- 1,0,1220\" \/>\n<meta property=\"og:description\" content=\"Hitsattu ruostumaton verkko. Langan halkaisija 1,0 mm. Vapaa aukko \u00f8 24,400 mm, lankoja tuumaa kohden 1*1. Soveltuu esim. lemmikkien h\u00e4kkeihin.\" \/>\n<meta property=\"og:url\" content=\"https:\/\/www.topverkko.fi\/en\/product\/11-10-1220\/\" \/>\n<meta property=\"og:site_name\" content=\"Topverkko\" \/>\n<meta property=\"article:modified_time\" content=\"2026-04-14T05:26:33+00:00\" \/>\n<meta property=\"og:image\" content=\"https:\/\/www.topverkko.fi\/wp-content\/uploads\/Ruostumaton_1x1x12_pieni-1.webp\" \/>\n\t<meta property=\"og:image:width\" content=\"700\" \/>\n\t<meta property=\"og:image:height\" content=\"900\" \/>\n\t<meta property=\"og:image:type\" content=\"image\/webp\" \/>\n<meta name=\"twitter:card\" content=\"summary_large_image\" \/>\n<meta name=\"twitter:label1\" content=\"Est. reading time\" \/>\n\t<meta name=\"twitter:data1\" content=\"1 minute\" \/>\n<script type=\"application\/ld+json\" class=\"yoast-schema-graph\">{\"@context\":\"https:\/\/schema.org\",\"@graph\":[{\"@type\":\"WebPage\",\"@id\":\"https:\/\/www.topverkko.fi\/tuote\/11-10-1220\/\",\"url\":\"https:\/\/www.topverkko.fi\/tuote\/11-10-1220\/\",\"name\":\"Hitsattu RST ruostumaton verkko | 1*1- 1,0,1220\",\"isPartOf\":{\"@id\":\"https:\/\/www.topverkko.fi\/#website\"},\"primaryImageOfPage\":{\"@id\":\"https:\/\/www.topverkko.fi\/tuote\/11-10-1220\/#primaryimage\"},\"image\":{\"@id\":\"https:\/\/www.topverkko.fi\/tuote\/11-10-1220\/#primaryimage\"},\"thumbnailUrl\":\"https:\/\/www.topverkko.fi\/wp-content\/uploads\/Ruostumaton_1x1x12_pieni-1.webp\",\"datePublished\":\"2024-09-02T16:53:35+00:00\",\"dateModified\":\"2026-04-14T05:26:33+00:00\",\"description\":\"Hitsattu ruostumaton verkko. Langan halkaisija 1,0 mm. Vapaa aukko \u00f8 24,400 mm, lankoja tuumaa kohden 1*1. Soveltuu esim. lemmikkien h\u00e4kkeihin.\",\"breadcrumb\":{\"@id\":\"https:\/\/www.topverkko.fi\/tuote\/11-10-1220\/#breadcrumb\"},\"inLanguage\":\"en-US\",\"potentialAction\":[{\"@type\":\"ReadAction\",\"target\":[\"https:\/\/www.topverkko.fi\/tuote\/11-10-1220\/\"]}]},{\"@type\":\"ImageObject\",\"inLanguage\":\"en-US\",\"@id\":\"https:\/\/www.topverkko.fi\/tuote\/11-10-1220\/#primaryimage\",\"url\":\"https:\/\/www.topverkko.fi\/wp-content\/uploads\/Ruostumaton_1x1x12_pieni-1.webp\",\"contentUrl\":\"https:\/\/www.topverkko.fi\/wp-content\/uploads\/Ruostumaton_1x1x12_pieni-1.webp\",\"width\":700,\"height\":900,\"caption\":\"Hitsattu ruostumaton verkko\"},{\"@type\":\"BreadcrumbList\",\"@id\":\"https:\/\/www.topverkko.fi\/tuote\/11-10-1220\/#breadcrumb\",\"itemListElement\":[{\"@type\":\"ListItem\",\"position\":1,\"name\":\"Etusivu\",\"item\":\"https:\/\/www.topverkko.fi\/\"},{\"@type\":\"ListItem\",\"position\":2,\"name\":\"Tuotteet\",\"item\":\"https:\/\/www.topverkko.fi\/tuotteet\/\"},{\"@type\":\"ListItem\",\"position\":3,\"name\":\"RST 1*1-1,0, 1220\"}]},{\"@type\":\"WebSite\",\"@id\":\"https:\/\/www.topverkko.fi\/#website\",\"url\":\"https:\/\/www.topverkko.fi\/\",\"name\":\"Topverkko\",\"description\":\"Metalli- ja lasikuituverkot teollisuuteen ja kotiin\",\"publisher\":{\"@id\":\"https:\/\/www.topverkko.fi\/#organization\"},\"potentialAction\":[{\"@type\":\"SearchAction\",\"target\":{\"@type\":\"EntryPoint\",\"urlTemplate\":\"https:\/\/www.topverkko.fi\/?s={search_term_string}\"},\"query-input\":{\"@type\":\"PropertyValueSpecification\",\"valueRequired\":true,\"valueName\":\"search_term_string\"}}],\"inLanguage\":\"en-US\"},{\"@type\":\"Organization\",\"@id\":\"https:\/\/www.topverkko.fi\/#organization\",\"name\":\"Topverkko\",\"url\":\"https:\/\/www.topverkko.fi\/\",\"logo\":{\"@type\":\"ImageObject\",\"inLanguage\":\"en-US\",\"@id\":\"https:\/\/www.topverkko.fi\/#\/schema\/logo\/image\/\",\"url\":\"https:\/\/www.topverkko.fi\/wp-content\/uploads\/Topverkko-Logo.png\",\"contentUrl\":\"https:\/\/www.topverkko.fi\/wp-content\/uploads\/Topverkko-Logo.png\",\"width\":766,\"height\":290,\"caption\":\"Topverkko\"},\"image\":{\"@id\":\"https:\/\/www.topverkko.fi\/#\/schema\/logo\/image\/\"}}]}<\/script>\n<!-- \/ Yoast SEO plugin. -->","yoast_head_json":{"title":"Hitsattu RST ruostumaton verkko | 1*1- 1,0,1220","description":"Hitsattu ruostumaton verkko. Langan halkaisija 1,0 mm. Vapaa aukko \u00f8 24,400 mm, lankoja tuumaa kohden 1*1. Soveltuu esim. lemmikkien h\u00e4kkeihin.","robots":{"index":"index","follow":"follow","max-snippet":"max-snippet:-1","max-image-preview":"max-image-preview:large","max-video-preview":"max-video-preview:-1"},"canonical":"https:\/\/www.topverkko.fi\/en\/product\/11-10-1220\/","og_locale":"en_US","og_type":"article","og_title":"Hitsattu RST ruostumaton verkko | 1*1- 1,0,1220","og_description":"Hitsattu ruostumaton verkko. Langan halkaisija 1,0 mm. Vapaa aukko \u00f8 24,400 mm, lankoja tuumaa kohden 1*1. Soveltuu esim. lemmikkien h\u00e4kkeihin.","og_url":"https:\/\/www.topverkko.fi\/en\/product\/11-10-1220\/","og_site_name":"Topverkko","article_modified_time":"2026-04-14T05:26:33+00:00","og_image":[{"width":700,"height":900,"url":"https:\/\/www.topverkko.fi\/wp-content\/uploads\/Ruostumaton_1x1x12_pieni-1.webp","type":"image\/webp"}],"twitter_card":"summary_large_image","twitter_misc":{"Est. reading time":"1 minute"},"schema":{"@context":"https:\/\/schema.org","@graph":[{"@type":"WebPage","@id":"https:\/\/www.topverkko.fi\/tuote\/11-10-1220\/","url":"https:\/\/www.topverkko.fi\/tuote\/11-10-1220\/","name":"Hitsattu RST ruostumaton verkko | 1*1- 1,0,1220","isPartOf":{"@id":"https:\/\/www.topverkko.fi\/#website"},"primaryImageOfPage":{"@id":"https:\/\/www.topverkko.fi\/tuote\/11-10-1220\/#primaryimage"},"image":{"@id":"https:\/\/www.topverkko.fi\/tuote\/11-10-1220\/#primaryimage"},"thumbnailUrl":"https:\/\/www.topverkko.fi\/wp-content\/uploads\/Ruostumaton_1x1x12_pieni-1.webp","datePublished":"2024-09-02T16:53:35+00:00","dateModified":"2026-04-14T05:26:33+00:00","description":"Hitsattu ruostumaton verkko. Langan halkaisija 1,0 mm. Vapaa aukko \u00f8 24,400 mm, lankoja tuumaa kohden 1*1. Soveltuu esim. lemmikkien h\u00e4kkeihin.","breadcrumb":{"@id":"https:\/\/www.topverkko.fi\/tuote\/11-10-1220\/#breadcrumb"},"inLanguage":"en-US","potentialAction":[{"@type":"ReadAction","target":["https:\/\/www.topverkko.fi\/tuote\/11-10-1220\/"]}]},{"@type":"ImageObject","inLanguage":"en-US","@id":"https:\/\/www.topverkko.fi\/tuote\/11-10-1220\/#primaryimage","url":"https:\/\/www.topverkko.fi\/wp-content\/uploads\/Ruostumaton_1x1x12_pieni-1.webp","contentUrl":"https:\/\/www.topverkko.fi\/wp-content\/uploads\/Ruostumaton_1x1x12_pieni-1.webp","width":700,"height":900,"caption":"Hitsattu ruostumaton verkko"},{"@type":"BreadcrumbList","@id":"https:\/\/www.topverkko.fi\/tuote\/11-10-1220\/#breadcrumb","itemListElement":[{"@type":"ListItem","position":1,"name":"Etusivu","item":"https:\/\/www.topverkko.fi\/"},{"@type":"ListItem","position":2,"name":"Tuotteet","item":"https:\/\/www.topverkko.fi\/tuotteet\/"},{"@type":"ListItem","position":3,"name":"RST 1*1-1,0, 1220"}]},{"@type":"WebSite","@id":"https:\/\/www.topverkko.fi\/#website","url":"https:\/\/www.topverkko.fi\/","name":"Topverkko","description":"Metalli- ja lasikuituverkot teollisuuteen ja kotiin","publisher":{"@id":"https:\/\/www.topverkko.fi\/#organization"},"potentialAction":[{"@type":"SearchAction","target":{"@type":"EntryPoint","urlTemplate":"https:\/\/www.topverkko.fi\/?s={search_term_string}"},"query-input":{"@type":"PropertyValueSpecification","valueRequired":true,"valueName":"search_term_string"}}],"inLanguage":"en-US"},{"@type":"Organization","@id":"https:\/\/www.topverkko.fi\/#organization","name":"Topverkko","url":"https:\/\/www.topverkko.fi\/","logo":{"@type":"ImageObject","inLanguage":"en-US","@id":"https:\/\/www.topverkko.fi\/#\/schema\/logo\/image\/","url":"https:\/\/www.topverkko.fi\/wp-content\/uploads\/Topverkko-Logo.png","contentUrl":"https:\/\/www.topverkko.fi\/wp-content\/uploads\/Topverkko-Logo.png","width":766,"height":290,"caption":"Topverkko"},"image":{"@id":"https:\/\/www.topverkko.fi\/#\/schema\/logo\/image\/"}}]}},"_links":{"self":[{"href":"https:\/\/www.topverkko.fi\/en\/wp-json\/wp\/v2\/product\/576","targetHints":{"allow":["GET"]}}],"collection":[{"href":"https:\/\/www.topverkko.fi\/en\/wp-json\/wp\/v2\/product"}],"about":[{"href":"https:\/\/www.topverkko.fi\/en\/wp-json\/wp\/v2\/types\/product"}],"replies":[{"embeddable":true,"href":"https:\/\/www.topverkko.fi\/en\/wp-json\/wp\/v2\/comments?post=576"}],"wp:featuredmedia":[{"embeddable":true,"href":"https:\/\/www.topverkko.fi\/en\/wp-json\/wp\/v2\/media\/577"}],"wp:attachment":[{"href":"https:\/\/www.topverkko.fi\/en\/wp-json\/wp\/v2\/media?parent=576"}],"wp:term":[{"taxonomy":"product_brand","embeddable":true,"href":"https:\/\/www.topverkko.fi\/en\/wp-json\/wp\/v2\/product_brand?post=576"},{"taxonomy":"product_cat","embeddable":true,"href":"https:\/\/www.topverkko.fi\/en\/wp-json\/wp\/v2\/product_cat?post=576"},{"taxonomy":"product_tag","embeddable":true,"href":"https:\/\/www.topverkko.fi\/en\/wp-json\/wp\/v2\/product_tag?post=576"}],"curies":[{"name":"wp","href":"https:\/\/api.w.org\/{rel}","templated":true}]}}