{"id":758,"date":"2024-09-02T18:19:06","date_gmt":"2024-09-02T15:19:06","guid":{"rendered":"https:\/\/www.tilox.fi\/?post_type=product&#038;p=758"},"modified":"2026-04-14T08:21:46","modified_gmt":"2026-04-14T05:21:46","slug":"lsk1414-029-14000-musta","status":"publish","type":"product","link":"https:\/\/www.topverkko.fi\/en\/product\/lsk1414-029-14000-musta\/","title":{"rendered":"LSK 14*14-0,29, 1400 musta"},"content":{"rendered":"<p>Wire material: PVC covered fiberglass, black<\/p>\n<hr \/>\n<p>Wire diameter: \u00f8 0.29 mm<\/p>\n<hr \/>\n<p>Free opening: \u00f8 1.524 mm<\/p>\n<hr \/>\n<p>Threads per inch: 14 * 14<\/p>\n<hr \/>\n<p>Roll length: 61.0 m<\/p>\n<hr \/>\n<p>Rullan leveys: 1400 mm<\/p>\n<hr \/>\n<p>Neli\u00f6hinta: 1,64 \u20ac\/m\u00b2<\/p>\n<hr \/>\n<p>Rullan hinta: 137 \u20ac\/rulla<\/p>\n<hr \/>\n<p>Paino: 0,10 kg\/m\u00b2 (koko rulla 8,17 kg)<\/p>\n<hr \/>\n<p>Minimum delivery lot: No minimum length<\/p>\n<hr \/>\n<p>Toimitusaika: n.viikko<\/p>","protected":false},"excerpt":{"rendered":"<p>Lasikuituverkkoa voi k\u00e4ytt\u00e4\u00e4 hy\u00f6nteisverkko-oviin ja ikkunoihin. Langan halkaisija 0,29 mm , lankoja tuumaa kohden 14*14 , vapaa aukko \u00f8 1,524 mm.<\/p>","protected":false},"featured_media":191,"comment_status":"closed","ping_status":"closed","template":"","meta":[],"product_brand":[],"product_cat":[24],"product_tag":[76,78,77,75,79,113],"class_list":{"0":"post-758","1":"product","2":"type-product","3":"status-publish","4":"has-post-thumbnail","6":"product_cat-lasikuituverkot","7":"product_tag-hyonteisverkko","8":"product_tag-hyonteisverkko-ikkunaan","9":"product_tag-hyttysverkko","10":"product_tag-lasikuituverkko","11":"product_tag-musta-lasikuituverkko","12":"product_tag-pvc-pinnoitettu-lasikuituverkko","14":"first","15":"instock","16":"shipping-taxable","17":"purchasable","18":"product-type-simple"},"yoast_head":"<!-- This site is optimized with the Yoast SEO plugin v26.0 - https:\/\/yoast.com\/wordpress\/plugins\/seo\/ -->\n<title>Musta lasikuituverkko - Hy\u00f6nteisverkko<\/title>\n<meta name=\"description\" content=\"Lasikuituverkkoa voi k\u00e4ytt\u00e4\u00e4 hy\u00f6nteisverkko-oviin ja ikkunoihin. Langan halkaisija 0,29 mm , lankoja tuumaa kohden 14*14 , vapaa aukko \u00f8 1,524 mm.\" \/>\n<meta name=\"robots\" content=\"index, follow, max-snippet:-1, max-image-preview:large, max-video-preview:-1\" \/>\n<link rel=\"canonical\" href=\"https:\/\/www.topverkko.fi\/en\/product\/lsk1414-029-14000-musta\/\" \/>\n<meta property=\"og:locale\" content=\"en_US\" \/>\n<meta property=\"og:type\" content=\"article\" \/>\n<meta property=\"og:title\" content=\"Musta lasikuituverkko - Hy\u00f6nteisverkko\" \/>\n<meta property=\"og:description\" content=\"Lasikuituverkkoa voi k\u00e4ytt\u00e4\u00e4 hy\u00f6nteisverkko-oviin ja ikkunoihin. Langan halkaisija 0,29 mm , lankoja tuumaa kohden 14*14 , vapaa aukko \u00f8 1,524 mm.\" \/>\n<meta property=\"og:url\" content=\"https:\/\/www.topverkko.fi\/en\/product\/lsk1414-029-14000-musta\/\" \/>\n<meta property=\"og:site_name\" content=\"Topverkko\" \/>\n<meta property=\"article:modified_time\" content=\"2026-04-14T05:21:46+00:00\" \/>\n<meta property=\"og:image\" content=\"https:\/\/www.topverkko.fi\/wp-content\/uploads\/LasikuituMusta_14x14x029.webp\" \/>\n\t<meta property=\"og:image:width\" content=\"700\" \/>\n\t<meta property=\"og:image:height\" content=\"900\" \/>\n\t<meta property=\"og:image:type\" content=\"image\/webp\" \/>\n<meta name=\"twitter:card\" content=\"summary_large_image\" \/>\n<meta name=\"twitter:label1\" content=\"Est. reading time\" \/>\n\t<meta name=\"twitter:data1\" content=\"1 minute\" \/>\n<script type=\"application\/ld+json\" class=\"yoast-schema-graph\">{\"@context\":\"https:\/\/schema.org\",\"@graph\":[{\"@type\":\"WebPage\",\"@id\":\"https:\/\/www.topverkko.fi\/tuote\/lsk1414-029-14000-musta\/\",\"url\":\"https:\/\/www.topverkko.fi\/tuote\/lsk1414-029-14000-musta\/\",\"name\":\"Musta lasikuituverkko - Hy\u00f6nteisverkko\",\"isPartOf\":{\"@id\":\"https:\/\/www.topverkko.fi\/#website\"},\"primaryImageOfPage\":{\"@id\":\"https:\/\/www.topverkko.fi\/tuote\/lsk1414-029-14000-musta\/#primaryimage\"},\"image\":{\"@id\":\"https:\/\/www.topverkko.fi\/tuote\/lsk1414-029-14000-musta\/#primaryimage\"},\"thumbnailUrl\":\"https:\/\/www.topverkko.fi\/wp-content\/uploads\/LasikuituMusta_14x14x029.webp\",\"datePublished\":\"2024-09-02T15:19:06+00:00\",\"dateModified\":\"2026-04-14T05:21:46+00:00\",\"description\":\"Lasikuituverkkoa voi k\u00e4ytt\u00e4\u00e4 hy\u00f6nteisverkko-oviin ja ikkunoihin. Langan halkaisija 0,29 mm , lankoja tuumaa kohden 14*14 , vapaa aukko \u00f8 1,524 mm.\",\"breadcrumb\":{\"@id\":\"https:\/\/www.topverkko.fi\/tuote\/lsk1414-029-14000-musta\/#breadcrumb\"},\"inLanguage\":\"en-US\",\"potentialAction\":[{\"@type\":\"ReadAction\",\"target\":[\"https:\/\/www.topverkko.fi\/tuote\/lsk1414-029-14000-musta\/\"]}]},{\"@type\":\"ImageObject\",\"inLanguage\":\"en-US\",\"@id\":\"https:\/\/www.topverkko.fi\/tuote\/lsk1414-029-14000-musta\/#primaryimage\",\"url\":\"https:\/\/www.topverkko.fi\/wp-content\/uploads\/LasikuituMusta_14x14x029.webp\",\"contentUrl\":\"https:\/\/www.topverkko.fi\/wp-content\/uploads\/LasikuituMusta_14x14x029.webp\",\"width\":700,\"height\":900,\"caption\":\"Lasikuituverkko musta, 14*14-0,29, 1220\"},{\"@type\":\"BreadcrumbList\",\"@id\":\"https:\/\/www.topverkko.fi\/tuote\/lsk1414-029-14000-musta\/#breadcrumb\",\"itemListElement\":[{\"@type\":\"ListItem\",\"position\":1,\"name\":\"Etusivu\",\"item\":\"https:\/\/www.topverkko.fi\/\"},{\"@type\":\"ListItem\",\"position\":2,\"name\":\"Tuotteet\",\"item\":\"https:\/\/www.topverkko.fi\/tuotteet\/\"},{\"@type\":\"ListItem\",\"position\":3,\"name\":\"LSK 14*14-0,29, 1400 musta\"}]},{\"@type\":\"WebSite\",\"@id\":\"https:\/\/www.topverkko.fi\/#website\",\"url\":\"https:\/\/www.topverkko.fi\/\",\"name\":\"Topverkko\",\"description\":\"Metalli- ja lasikuituverkot teollisuuteen ja kotiin\",\"publisher\":{\"@id\":\"https:\/\/www.topverkko.fi\/#organization\"},\"potentialAction\":[{\"@type\":\"SearchAction\",\"target\":{\"@type\":\"EntryPoint\",\"urlTemplate\":\"https:\/\/www.topverkko.fi\/?s={search_term_string}\"},\"query-input\":{\"@type\":\"PropertyValueSpecification\",\"valueRequired\":true,\"valueName\":\"search_term_string\"}}],\"inLanguage\":\"en-US\"},{\"@type\":\"Organization\",\"@id\":\"https:\/\/www.topverkko.fi\/#organization\",\"name\":\"Topverkko\",\"url\":\"https:\/\/www.topverkko.fi\/\",\"logo\":{\"@type\":\"ImageObject\",\"inLanguage\":\"en-US\",\"@id\":\"https:\/\/www.topverkko.fi\/#\/schema\/logo\/image\/\",\"url\":\"https:\/\/www.topverkko.fi\/wp-content\/uploads\/Topverkko-Logo.png\",\"contentUrl\":\"https:\/\/www.topverkko.fi\/wp-content\/uploads\/Topverkko-Logo.png\",\"width\":766,\"height\":290,\"caption\":\"Topverkko\"},\"image\":{\"@id\":\"https:\/\/www.topverkko.fi\/#\/schema\/logo\/image\/\"}}]}<\/script>\n<!-- \/ Yoast SEO plugin. -->","yoast_head_json":{"title":"Musta lasikuituverkko - Hy\u00f6nteisverkko","description":"Lasikuituverkkoa voi k\u00e4ytt\u00e4\u00e4 hy\u00f6nteisverkko-oviin ja ikkunoihin. Langan halkaisija 0,29 mm , lankoja tuumaa kohden 14*14 , vapaa aukko \u00f8 1,524 mm.","robots":{"index":"index","follow":"follow","max-snippet":"max-snippet:-1","max-image-preview":"max-image-preview:large","max-video-preview":"max-video-preview:-1"},"canonical":"https:\/\/www.topverkko.fi\/en\/product\/lsk1414-029-14000-musta\/","og_locale":"en_US","og_type":"article","og_title":"Musta lasikuituverkko - Hy\u00f6nteisverkko","og_description":"Lasikuituverkkoa voi k\u00e4ytt\u00e4\u00e4 hy\u00f6nteisverkko-oviin ja ikkunoihin. Langan halkaisija 0,29 mm , lankoja tuumaa kohden 14*14 , vapaa aukko \u00f8 1,524 mm.","og_url":"https:\/\/www.topverkko.fi\/en\/product\/lsk1414-029-14000-musta\/","og_site_name":"Topverkko","article_modified_time":"2026-04-14T05:21:46+00:00","og_image":[{"width":700,"height":900,"url":"https:\/\/www.topverkko.fi\/wp-content\/uploads\/LasikuituMusta_14x14x029.webp","type":"image\/webp"}],"twitter_card":"summary_large_image","twitter_misc":{"Est. reading time":"1 minute"},"schema":{"@context":"https:\/\/schema.org","@graph":[{"@type":"WebPage","@id":"https:\/\/www.topverkko.fi\/tuote\/lsk1414-029-14000-musta\/","url":"https:\/\/www.topverkko.fi\/tuote\/lsk1414-029-14000-musta\/","name":"Musta lasikuituverkko - Hy\u00f6nteisverkko","isPartOf":{"@id":"https:\/\/www.topverkko.fi\/#website"},"primaryImageOfPage":{"@id":"https:\/\/www.topverkko.fi\/tuote\/lsk1414-029-14000-musta\/#primaryimage"},"image":{"@id":"https:\/\/www.topverkko.fi\/tuote\/lsk1414-029-14000-musta\/#primaryimage"},"thumbnailUrl":"https:\/\/www.topverkko.fi\/wp-content\/uploads\/LasikuituMusta_14x14x029.webp","datePublished":"2024-09-02T15:19:06+00:00","dateModified":"2026-04-14T05:21:46+00:00","description":"Lasikuituverkkoa voi k\u00e4ytt\u00e4\u00e4 hy\u00f6nteisverkko-oviin ja ikkunoihin. Langan halkaisija 0,29 mm , lankoja tuumaa kohden 14*14 , vapaa aukko \u00f8 1,524 mm.","breadcrumb":{"@id":"https:\/\/www.topverkko.fi\/tuote\/lsk1414-029-14000-musta\/#breadcrumb"},"inLanguage":"en-US","potentialAction":[{"@type":"ReadAction","target":["https:\/\/www.topverkko.fi\/tuote\/lsk1414-029-14000-musta\/"]}]},{"@type":"ImageObject","inLanguage":"en-US","@id":"https:\/\/www.topverkko.fi\/tuote\/lsk1414-029-14000-musta\/#primaryimage","url":"https:\/\/www.topverkko.fi\/wp-content\/uploads\/LasikuituMusta_14x14x029.webp","contentUrl":"https:\/\/www.topverkko.fi\/wp-content\/uploads\/LasikuituMusta_14x14x029.webp","width":700,"height":900,"caption":"Lasikuituverkko musta, 14*14-0,29, 1220"},{"@type":"BreadcrumbList","@id":"https:\/\/www.topverkko.fi\/tuote\/lsk1414-029-14000-musta\/#breadcrumb","itemListElement":[{"@type":"ListItem","position":1,"name":"Etusivu","item":"https:\/\/www.topverkko.fi\/"},{"@type":"ListItem","position":2,"name":"Tuotteet","item":"https:\/\/www.topverkko.fi\/tuotteet\/"},{"@type":"ListItem","position":3,"name":"LSK 14*14-0,29, 1400 musta"}]},{"@type":"WebSite","@id":"https:\/\/www.topverkko.fi\/#website","url":"https:\/\/www.topverkko.fi\/","name":"Topverkko","description":"Metalli- ja lasikuituverkot teollisuuteen ja kotiin","publisher":{"@id":"https:\/\/www.topverkko.fi\/#organization"},"potentialAction":[{"@type":"SearchAction","target":{"@type":"EntryPoint","urlTemplate":"https:\/\/www.topverkko.fi\/?s={search_term_string}"},"query-input":{"@type":"PropertyValueSpecification","valueRequired":true,"valueName":"search_term_string"}}],"inLanguage":"en-US"},{"@type":"Organization","@id":"https:\/\/www.topverkko.fi\/#organization","name":"Topverkko","url":"https:\/\/www.topverkko.fi\/","logo":{"@type":"ImageObject","inLanguage":"en-US","@id":"https:\/\/www.topverkko.fi\/#\/schema\/logo\/image\/","url":"https:\/\/www.topverkko.fi\/wp-content\/uploads\/Topverkko-Logo.png","contentUrl":"https:\/\/www.topverkko.fi\/wp-content\/uploads\/Topverkko-Logo.png","width":766,"height":290,"caption":"Topverkko"},"image":{"@id":"https:\/\/www.topverkko.fi\/#\/schema\/logo\/image\/"}}]}},"_links":{"self":[{"href":"https:\/\/www.topverkko.fi\/en\/wp-json\/wp\/v2\/product\/758","targetHints":{"allow":["GET"]}}],"collection":[{"href":"https:\/\/www.topverkko.fi\/en\/wp-json\/wp\/v2\/product"}],"about":[{"href":"https:\/\/www.topverkko.fi\/en\/wp-json\/wp\/v2\/types\/product"}],"replies":[{"embeddable":true,"href":"https:\/\/www.topverkko.fi\/en\/wp-json\/wp\/v2\/comments?post=758"}],"wp:featuredmedia":[{"embeddable":true,"href":"https:\/\/www.topverkko.fi\/en\/wp-json\/wp\/v2\/media\/191"}],"wp:attachment":[{"href":"https:\/\/www.topverkko.fi\/en\/wp-json\/wp\/v2\/media?parent=758"}],"wp:term":[{"taxonomy":"product_brand","embeddable":true,"href":"https:\/\/www.topverkko.fi\/en\/wp-json\/wp\/v2\/product_brand?post=758"},{"taxonomy":"product_cat","embeddable":true,"href":"https:\/\/www.topverkko.fi\/en\/wp-json\/wp\/v2\/product_cat?post=758"},{"taxonomy":"product_tag","embeddable":true,"href":"https:\/\/www.topverkko.fi\/en\/wp-json\/wp\/v2\/product_tag?post=758"}],"curies":[{"name":"wp","href":"https:\/\/api.w.org\/{rel}","templated":true}]}}